{"id":120,"date":"2020-06-23T11:17:36","date_gmt":"2020-06-23T09:17:36","guid":{"rendered":"http:\/\/www.swiatdrewna.com.pl\/?page_id=120"},"modified":"2021-10-29T18:12:19","modified_gmt":"2021-10-29T16:12:19","slug":"kantowki","status":"publish","type":"page","link":"https:\/\/www.swiatdrewna.com.pl\/?page_id=120","title":{"rendered":"Kant\u00f3wki"},"content":{"rendered":"\t\t<div data-elementor-type=\"wp-page\" data-elementor-id=\"120\" class=\"elementor elementor-120\">\n\t\t\t\t\t\t<section class=\"elementor-section elementor-top-section elementor-element elementor-element-6c21e7e elementor-section-stretched elementor-section-boxed elementor-section-height-default elementor-section-height-default\" data-id=\"6c21e7e\" data-element_type=\"section\" data-e-type=\"section\" data-settings=\"{&quot;stretch_section&quot;:&quot;section-stretched&quot;,&quot;background_background&quot;:&quot;classic&quot;}\">\n\t\t\t\t\t\t<div class=\"elementor-container elementor-column-gap-default\">\n\t\t\t\t\t<div class=\"elementor-column elementor-col-100 elementor-top-column elementor-element elementor-element-7b6191a\" data-id=\"7b6191a\" data-element_type=\"column\" data-e-type=\"column\">\n\t\t\t<div class=\"elementor-widget-wrap elementor-element-populated\">\n\t\t\t\t\t\t<div class=\"elementor-element elementor-element-aef1a30 elementor-widget elementor-widget-heading\" data-id=\"aef1a30\" data-element_type=\"widget\" data-e-type=\"widget\" data-widget_type=\"heading.default\">\n\t\t\t\t<div class=\"elementor-widget-container\">\n\t\t\t\t\t<h2 class=\"elementor-heading-title elementor-size-default\">KANT\u00d3WKI, LISTWY<\/h2>\t\t\t\t<\/div>\n\t\t\t\t<\/div>\n\t\t\t\t\t<\/div>\n\t\t<\/div>\n\t\t\t\t\t<\/div>\n\t\t<\/section>\n\t\t\t\t<section class=\"elementor-section elementor-top-section elementor-element elementor-element-578dda02 elementor-section-stretched elementor-section-boxed elementor-section-height-default elementor-section-height-default\" data-id=\"578dda02\" data-element_type=\"section\" data-e-type=\"section\" data-settings=\"{&quot;stretch_section&quot;:&quot;section-stretched&quot;,&quot;background_background&quot;:&quot;gradient&quot;}\">\n\t\t\t\t\t\t<div class=\"elementor-container elementor-column-gap-default\">\n\t\t\t\t\t<div class=\"elementor-column elementor-col-100 elementor-top-column elementor-element elementor-element-7d0f0cb8\" data-id=\"7d0f0cb8\" data-element_type=\"column\" data-e-type=\"column\">\n\t\t\t<div class=\"elementor-widget-wrap elementor-element-populated\">\n\t\t\t\t\t\t<div class=\"elementor-element elementor-element-2d5fe2fd elementor-widget elementor-widget-heading\" data-id=\"2d5fe2fd\" data-element_type=\"widget\" data-e-type=\"widget\" data-widget_type=\"heading.default\">\n\t\t\t\t<div class=\"elementor-widget-container\">\n\t\t\t\t\t<h2 class=\"elementor-heading-title elementor-size-default\">KANT\u00d3WKI, \u0141ATY, LISTWY MONTA\u017bOWE<\/h2>\t\t\t\t<\/div>\n\t\t\t\t<\/div>\n\t\t\t\t<div class=\"elementor-element elementor-element-89586fb elementor-widget elementor-widget-text-editor\" data-id=\"89586fb\" data-element_type=\"widget\" data-e-type=\"widget\" data-widget_type=\"text-editor.default\">\n\t\t\t\t<div class=\"elementor-widget-container\">\n\t\t\t\t\t\t\t\t\t<p><strong>Listwy monta\u017cowe nieheblowane (3&#215;1, 3&#215;1,5, 3x2cm),<\/strong><br \/><strong>Pozosta\u0142e heblowane: 2&#215;1, 3&#215;1, 3&#215;2, 4&#215;2, 5&#215;2, 5&#215;3, 5&#215;4, 5&#215;5, 6&#215;2, 6&#215;3, 6&#215;4, 6&#215;5, 7&#215;3, 7&#215;7, 9&#215;3, 9&#215;9, 10&#215;4<\/strong><\/p>\t\t\t\t\t\t\t\t<\/div>\n\t\t\t\t<\/div>\n\t\t\t\t<div class=\"elementor-element elementor-element-49fbf944 gallery-spacing-custom elementor-widget elementor-widget-image-gallery\" data-id=\"49fbf944\" data-element_type=\"widget\" data-e-type=\"widget\" data-widget_type=\"image-gallery.default\">\n\t\t\t\t<div class=\"elementor-widget-container\">\n\t\t\t\t\t\t\t<div class=\"elementor-image-gallery\">\n\t\t\t<div id='gallery-1' class='gallery galleryid-120 gallery-columns-6 gallery-size-thumbnail'><figure class='gallery-item'>\n\t\t\t<div class='gallery-icon landscape'>\n\t\t\t\t<a data-elementor-open-lightbox=\"yes\" data-elementor-lightbox-slideshow=\"49fbf944\" data-elementor-lightbox-title=\"03\" data-e-action-hash=\"#elementor-action%3Aaction%3Dlightbox%26settings%3DeyJpZCI6MzI4NSwidXJsIjoiaHR0cHM6XC9cL3d3dy5zd2lhdGRyZXduYS5jb20ucGxcL3dwLWNvbnRlbnRcL3VwbG9hZHNcLzIwMjBcLzA3XC8wMy0xMi5qcGciLCJzbGlkZXNob3ciOiI0OWZiZjk0NCJ9\" href='https:\/\/www.swiatdrewna.com.pl\/wp-content\/uploads\/2020\/07\/03-12.jpg'><img decoding=\"async\" width=\"150\" height=\"150\" src=\"https:\/\/www.swiatdrewna.com.pl\/wp-content\/uploads\/2020\/07\/03-12-150x150.jpg\" class=\"attachment-thumbnail size-thumbnail\" alt=\"\" \/><\/a>\n\t\t\t<\/div><\/figure><figure class='gallery-item'>\n\t\t\t<div class='gallery-icon landscape'>\n\t\t\t\t<a data-elementor-open-lightbox=\"yes\" data-elementor-lightbox-slideshow=\"49fbf944\" data-elementor-lightbox-title=\"04\" data-e-action-hash=\"#elementor-action%3Aaction%3Dlightbox%26settings%3DeyJpZCI6MzI4NiwidXJsIjoiaHR0cHM6XC9cL3d3dy5zd2lhdGRyZXduYS5jb20ucGxcL3dwLWNvbnRlbnRcL3VwbG9hZHNcLzIwMjBcLzA3XC8wNC0xMi5qcGciLCJzbGlkZXNob3ciOiI0OWZiZjk0NCJ9\" href='https:\/\/www.swiatdrewna.com.pl\/wp-content\/uploads\/2020\/07\/04-12.jpg'><img decoding=\"async\" width=\"150\" height=\"150\" src=\"https:\/\/www.swiatdrewna.com.pl\/wp-content\/uploads\/2020\/07\/04-12-150x150.jpg\" class=\"attachment-thumbnail size-thumbnail\" alt=\"\" \/><\/a>\n\t\t\t<\/div><\/figure><figure class='gallery-item'>\n\t\t\t<div class='gallery-icon landscape'>\n\t\t\t\t<a data-elementor-open-lightbox=\"yes\" data-elementor-lightbox-slideshow=\"49fbf944\" data-elementor-lightbox-title=\"05\" data-e-action-hash=\"#elementor-action%3Aaction%3Dlightbox%26settings%3DeyJpZCI6MzI4NywidXJsIjoiaHR0cHM6XC9cL3d3dy5zd2lhdGRyZXduYS5jb20ucGxcL3dwLWNvbnRlbnRcL3VwbG9hZHNcLzIwMjBcLzA3XC8wNS0zLmpwZyIsInNsaWRlc2hvdyI6IjQ5ZmJmOTQ0In0%3D\" href='https:\/\/www.swiatdrewna.com.pl\/wp-content\/uploads\/2020\/07\/05-3.jpg'><img decoding=\"async\" width=\"150\" height=\"150\" src=\"https:\/\/www.swiatdrewna.com.pl\/wp-content\/uploads\/2020\/07\/05-3-150x150.jpg\" class=\"attachment-thumbnail size-thumbnail\" alt=\"\" \/><\/a>\n\t\t\t<\/div><\/figure><figure class='gallery-item'>\n\t\t\t<div class='gallery-icon landscape'>\n\t\t\t\t<a data-elementor-open-lightbox=\"yes\" data-elementor-lightbox-slideshow=\"49fbf944\" data-elementor-lightbox-title=\"06\" data-e-action-hash=\"#elementor-action%3Aaction%3Dlightbox%26settings%3DeyJpZCI6MzI4OCwidXJsIjoiaHR0cHM6XC9cL3d3dy5zd2lhdGRyZXduYS5jb20ucGxcL3dwLWNvbnRlbnRcL3VwbG9hZHNcLzIwMjBcLzA3XC8wNi0zLmpwZyIsInNsaWRlc2hvdyI6IjQ5ZmJmOTQ0In0%3D\" href='https:\/\/www.swiatdrewna.com.pl\/wp-content\/uploads\/2020\/07\/06-3.jpg'><img loading=\"lazy\" decoding=\"async\" width=\"150\" height=\"150\" src=\"https:\/\/www.swiatdrewna.com.pl\/wp-content\/uploads\/2020\/07\/06-3-150x150.jpg\" class=\"attachment-thumbnail size-thumbnail\" alt=\"\" \/><\/a>\n\t\t\t<\/div><\/figure><figure class='gallery-item'>\n\t\t\t<div class='gallery-icon landscape'>\n\t\t\t\t<a data-elementor-open-lightbox=\"yes\" data-elementor-lightbox-slideshow=\"49fbf944\" data-elementor-lightbox-title=\"07\" data-e-action-hash=\"#elementor-action%3Aaction%3Dlightbox%26settings%3DeyJpZCI6MzI4OSwidXJsIjoiaHR0cHM6XC9cL3d3dy5zd2lhdGRyZXduYS5jb20ucGxcL3dwLWNvbnRlbnRcL3VwbG9hZHNcLzIwMjBcLzA3XC8wNy0zLmpwZyIsInNsaWRlc2hvdyI6IjQ5ZmJmOTQ0In0%3D\" href='https:\/\/www.swiatdrewna.com.pl\/wp-content\/uploads\/2020\/07\/07-3.jpg'><img loading=\"lazy\" decoding=\"async\" width=\"150\" height=\"150\" src=\"https:\/\/www.swiatdrewna.com.pl\/wp-content\/uploads\/2020\/07\/07-3-150x150.jpg\" class=\"attachment-thumbnail size-thumbnail\" alt=\"\" \/><\/a>\n\t\t\t<\/div><\/figure><figure class='gallery-item'>\n\t\t\t<div class='gallery-icon landscape'>\n\t\t\t\t<a data-elementor-open-lightbox=\"yes\" data-elementor-lightbox-slideshow=\"49fbf944\" data-elementor-lightbox-title=\"08\" data-e-action-hash=\"#elementor-action%3Aaction%3Dlightbox%26settings%3DeyJpZCI6MzI5MSwidXJsIjoiaHR0cHM6XC9cL3d3dy5zd2lhdGRyZXduYS5jb20ucGxcL3dwLWNvbnRlbnRcL3VwbG9hZHNcLzIwMjBcLzA3XC8wOC0zLmpwZyIsInNsaWRlc2hvdyI6IjQ5ZmJmOTQ0In0%3D\" href='https:\/\/www.swiatdrewna.com.pl\/wp-content\/uploads\/2020\/07\/08-3.jpg'><img loading=\"lazy\" decoding=\"async\" width=\"150\" height=\"150\" src=\"https:\/\/www.swiatdrewna.com.pl\/wp-content\/uploads\/2020\/07\/08-3-150x150.jpg\" class=\"attachment-thumbnail size-thumbnail\" alt=\"\" \/><\/a>\n\t\t\t<\/div><\/figure><figure class='gallery-item'>\n\t\t\t<div class='gallery-icon landscape'>\n\t\t\t\t<a data-elementor-open-lightbox=\"yes\" data-elementor-lightbox-slideshow=\"49fbf944\" data-elementor-lightbox-title=\"09\" data-e-action-hash=\"#elementor-action%3Aaction%3Dlightbox%26settings%3DeyJpZCI6MzI5MiwidXJsIjoiaHR0cHM6XC9cL3d3dy5zd2lhdGRyZXduYS5jb20ucGxcL3dwLWNvbnRlbnRcL3VwbG9hZHNcLzIwMjBcLzA3XC8wOS0zLmpwZyIsInNsaWRlc2hvdyI6IjQ5ZmJmOTQ0In0%3D\" href='https:\/\/www.swiatdrewna.com.pl\/wp-content\/uploads\/2020\/07\/09-3.jpg'><img loading=\"lazy\" decoding=\"async\" width=\"150\" height=\"150\" src=\"https:\/\/www.swiatdrewna.com.pl\/wp-content\/uploads\/2020\/07\/09-3-150x150.jpg\" class=\"attachment-thumbnail size-thumbnail\" alt=\"\" \/><\/a>\n\t\t\t<\/div><\/figure><figure class='gallery-item'>\n\t\t\t<div class='gallery-icon landscape'>\n\t\t\t\t<a data-elementor-open-lightbox=\"yes\" data-elementor-lightbox-slideshow=\"49fbf944\" data-elementor-lightbox-title=\"10\" data-e-action-hash=\"#elementor-action%3Aaction%3Dlightbox%26settings%3DeyJpZCI6MzI5MywidXJsIjoiaHR0cHM6XC9cL3d3dy5zd2lhdGRyZXduYS5jb20ucGxcL3dwLWNvbnRlbnRcL3VwbG9hZHNcLzIwMjBcLzA3XC8xMC0zLmpwZyIsInNsaWRlc2hvdyI6IjQ5ZmJmOTQ0In0%3D\" href='https:\/\/www.swiatdrewna.com.pl\/wp-content\/uploads\/2020\/07\/10-3.jpg'><img loading=\"lazy\" decoding=\"async\" width=\"150\" height=\"150\" src=\"https:\/\/www.swiatdrewna.com.pl\/wp-content\/uploads\/2020\/07\/10-3-150x150.jpg\" class=\"attachment-thumbnail size-thumbnail\" alt=\"\" \/><\/a>\n\t\t\t<\/div><\/figure><figure class='gallery-item'>\n\t\t\t<div class='gallery-icon landscape'>\n\t\t\t\t<a data-elementor-open-lightbox=\"yes\" data-elementor-lightbox-slideshow=\"49fbf944\" data-elementor-lightbox-title=\"01\" data-e-action-hash=\"#elementor-action%3Aaction%3Dlightbox%26settings%3DeyJpZCI6MzI5NCwidXJsIjoiaHR0cHM6XC9cL3d3dy5zd2lhdGRyZXduYS5jb20ucGxcL3dwLWNvbnRlbnRcL3VwbG9hZHNcLzIwMjBcLzA3XC8wMS0xMi5qcGciLCJzbGlkZXNob3ciOiI0OWZiZjk0NCJ9\" href='https:\/\/www.swiatdrewna.com.pl\/wp-content\/uploads\/2020\/07\/01-12.jpg'><img loading=\"lazy\" decoding=\"async\" width=\"150\" height=\"150\" src=\"https:\/\/www.swiatdrewna.com.pl\/wp-content\/uploads\/2020\/07\/01-12-150x150.jpg\" class=\"attachment-thumbnail size-thumbnail\" alt=\"\" \/><\/a>\n\t\t\t<\/div><\/figure><figure class='gallery-item'>\n\t\t\t<div class='gallery-icon landscape'>\n\t\t\t\t<a data-elementor-open-lightbox=\"yes\" data-elementor-lightbox-slideshow=\"49fbf944\" data-elementor-lightbox-title=\"02\" data-e-action-hash=\"#elementor-action%3Aaction%3Dlightbox%26settings%3DeyJpZCI6MzI5NSwidXJsIjoiaHR0cHM6XC9cL3d3dy5zd2lhdGRyZXduYS5jb20ucGxcL3dwLWNvbnRlbnRcL3VwbG9hZHNcLzIwMjBcLzA3XC8wMi0xMi5qcGciLCJzbGlkZXNob3ciOiI0OWZiZjk0NCJ9\" href='https:\/\/www.swiatdrewna.com.pl\/wp-content\/uploads\/2020\/07\/02-12.jpg'><img loading=\"lazy\" decoding=\"async\" width=\"150\" height=\"150\" src=\"https:\/\/www.swiatdrewna.com.pl\/wp-content\/uploads\/2020\/07\/02-12-150x150.jpg\" class=\"attachment-thumbnail size-thumbnail\" alt=\"\" \/><\/a>\n\t\t\t<\/div><\/figure>\n\t\t<\/div>\n\t\t<\/div>\n\t\t\t\t\t\t<\/div>\n\t\t\t\t<\/div>\n\t\t\t\t\t<\/div>\n\t\t<\/div>\n\t\t\t\t\t<\/div>\n\t\t<\/section>\n\t\t\t\t<\/div>\n\t\t","protected":false},"excerpt":{"rendered":"<p>\u015aWIAT DREWNA KANT\u00d3WKI, LISTWY \u015aWIAT DREWNA KANT\u00d3WKI, \u0141ATY, LISTWY MONTA\u017bOWE Listwy monta\u017cowe nieheblowane (3&#215;1, 3&#215;1,5, 3x2cm),Pozosta\u0142e heblowane: 2&#215;1, 3&#215;1, 3&#215;2, 4&#215;2, 5&#215;2, 5&#215;3, 5&#215;4, 5&#215;5, 6&#215;2, 6&#215;3, 6&#215;4, 6&#215;5, 7&#215;3, 7&#215;7, 9&#215;3, 9&#215;9, 10&#215;4<\/p>\n","protected":false},"author":1,"featured_media":0,"parent":0,"menu_order":0,"comment_status":"closed","ping_status":"closed","template":"","meta":{"footnotes":""},"class_list":["post-120","page","type-page","status-publish","hentry","entry"],"_links":{"self":[{"href":"https:\/\/www.swiatdrewna.com.pl\/index.php?rest_route=\/wp\/v2\/pages\/120","targetHints":{"allow":["GET"]}}],"collection":[{"href":"https:\/\/www.swiatdrewna.com.pl\/index.php?rest_route=\/wp\/v2\/pages"}],"about":[{"href":"https:\/\/www.swiatdrewna.com.pl\/index.php?rest_route=\/wp\/v2\/types\/page"}],"author":[{"embeddable":true,"href":"https:\/\/www.swiatdrewna.com.pl\/index.php?rest_route=\/wp\/v2\/users\/1"}],"replies":[{"embeddable":true,"href":"https:\/\/www.swiatdrewna.com.pl\/index.php?rest_route=%2Fwp%2Fv2%2Fcomments&post=120"}],"version-history":[{"count":7,"href":"https:\/\/www.swiatdrewna.com.pl\/index.php?rest_route=\/wp\/v2\/pages\/120\/revisions"}],"predecessor-version":[{"id":4946,"href":"https:\/\/www.swiatdrewna.com.pl\/index.php?rest_route=\/wp\/v2\/pages\/120\/revisions\/4946"}],"wp:attachment":[{"href":"https:\/\/www.swiatdrewna.com.pl\/index.php?rest_route=%2Fwp%2Fv2%2Fmedia&parent=120"}],"curies":[{"name":"wp","href":"https:\/\/api.w.org\/{rel}","templated":true}]}}