{"id":5,"date":"2020-06-23T10:54:24","date_gmt":"2020-06-23T08:54:24","guid":{"rendered":"http:\/\/www.swiatdrewna.com.pl\/?page_id=5"},"modified":"2024-05-20T12:17:03","modified_gmt":"2024-05-20T10:17:03","slug":"home","status":"publish","type":"page","link":"https:\/\/www.swiatdrewna.com.pl\/","title":{"rendered":"HOME"},"content":{"rendered":"\t\t<div data-elementor-type=\"wp-page\" data-elementor-id=\"5\" class=\"elementor elementor-5\">\n\t\t\t\t\t\t<section class=\"elementor-section elementor-top-section elementor-element elementor-element-673ecf8 elementor-section-stretched elementor-section-height-full elementor-section-boxed elementor-section-height-default elementor-section-items-middle\" data-id=\"673ecf8\" data-element_type=\"section\" data-e-type=\"section\" data-settings=\"{&quot;stretch_section&quot;:&quot;section-stretched&quot;,&quot;background_background&quot;:&quot;classic&quot;}\">\n\t\t\t\t\t\t\t<div class=\"elementor-background-overlay\"><\/div>\n\t\t\t\t\t\t\t<div class=\"elementor-container elementor-column-gap-default\">\n\t\t\t\t\t<div class=\"elementor-column elementor-col-100 elementor-top-column elementor-element elementor-element-ce745b6\" data-id=\"ce745b6\" data-element_type=\"column\" data-e-type=\"column\">\n\t\t\t<div class=\"elementor-widget-wrap elementor-element-populated\">\n\t\t\t\t\t\t<div class=\"elementor-element elementor-element-7dee7c3 elementor-widget elementor-widget-heading\" data-id=\"7dee7c3\" data-element_type=\"widget\" data-e-type=\"widget\" data-widget_type=\"heading.default\">\n\t\t\t\t<div class=\"elementor-widget-container\">\n\t\t\t\t\t<h2 class=\"elementor-heading-title elementor-size-default\">WITAMY <br>W \u015aWIECIE DREWNA<\/h2>\t\t\t\t<\/div>\n\t\t\t\t<\/div>\n\t\t\t\t<div class=\"elementor-element elementor-element-e8cbb06 elementor-widget elementor-widget-heading\" data-id=\"e8cbb06\" data-element_type=\"widget\" data-e-type=\"widget\" data-widget_type=\"heading.default\">\n\t\t\t\t<div class=\"elementor-widget-container\">\n\t\t\t\t\t<h2 class=\"elementor-heading-title elementor-size-default\">Firma \u015aWIAT DREWNA zajmuje si\u0119 sprzeda\u017c\u0105 bardzo szerokiej gamy wyrob\u00f3w z drewna.<\/h2>\t\t\t\t<\/div>\n\t\t\t\t<\/div>\n\t\t\t\t\t<\/div>\n\t\t<\/div>\n\t\t\t\t\t<\/div>\n\t\t<\/section>\n\t\t\t\t<section class=\"elementor-section elementor-top-section elementor-element elementor-element-51d4846 elementor-section-stretched elementor-section-boxed elementor-section-height-default elementor-section-height-default\" data-id=\"51d4846\" data-element_type=\"section\" data-e-type=\"section\" data-settings=\"{&quot;stretch_section&quot;:&quot;section-stretched&quot;,&quot;background_background&quot;:&quot;gradient&quot;}\">\n\t\t\t\t\t\t<div class=\"elementor-container elementor-column-gap-default\">\n\t\t\t\t\t<div class=\"elementor-column elementor-col-100 elementor-top-column elementor-element elementor-element-14ad42e\" data-id=\"14ad42e\" data-element_type=\"column\" data-e-type=\"column\">\n\t\t\t<div class=\"elementor-widget-wrap elementor-element-populated\">\n\t\t\t\t\t\t<div class=\"elementor-element elementor-element-2fe7e9f elementor-widget elementor-widget-heading\" data-id=\"2fe7e9f\" data-element_type=\"widget\" data-e-type=\"widget\" data-widget_type=\"heading.default\">\n\t\t\t\t<div class=\"elementor-widget-container\">\n\t\t\t\t\t<h2 class=\"elementor-heading-title elementor-size-default\">\u015aWIAT DREWNA<\/h2>\t\t\t\t<\/div>\n\t\t\t\t<\/div>\n\t\t\t\t<div class=\"elementor-element elementor-element-d67639a elementor-widget elementor-widget-text-editor\" data-id=\"d67639a\" data-element_type=\"widget\" data-e-type=\"widget\" data-widget_type=\"text-editor.default\">\n\t\t\t\t<div class=\"elementor-widget-container\">\n\t\t\t\t\t\t\t\t\t<p>Firma \u015aWIAT DREWNA zajmuje si\u0119 sprzeda\u017c\u0105 bardzo szerokiej gamy wyrob\u00f3w z drewna. Przede wszystkim oferujemy tak przydatne podczas ka\u017cdego remontu listwy monta\u017cowe, kant\u00f3wki, listwy wyko\u0144czeniowe, boazeri\u0119 i podbitk\u0119.<\/p><p>Ponadto mo\u017cna u nas naby\u0107 drzwi, schody, tralki czy por\u0119cze, a do tego impregnaty i lakierobejce renomowanej marki VIDARON<sup>\u00ae<\/sup>. Na miejscu mog\u0105 Pa\u0144stwo uzyska\u0107 fachow\u0105 pomoc w zakresie konserwacji i dekoracji drewna, oraz skorzysta\u0107 ze specjalnie dla Pa\u0144stwa przygotowanych wzornik\u00f3w kolor\u00f3w.\u00a0<\/p>\t\t\t\t\t\t\t\t<\/div>\n\t\t\t\t<\/div>\n\t\t\t\t\t<\/div>\n\t\t<\/div>\n\t\t\t\t\t<\/div>\n\t\t<\/section>\n\t\t\t\t<section class=\"elementor-section elementor-top-section elementor-element elementor-element-8ace60c elementor-section-stretched elementor-section-full_width elementor-section-height-default elementor-section-height-default\" data-id=\"8ace60c\" data-element_type=\"section\" data-e-type=\"section\" data-settings=\"{&quot;stretch_section&quot;:&quot;section-stretched&quot;,&quot;background_background&quot;:&quot;gradient&quot;}\">\n\t\t\t\t\t\t<div class=\"elementor-container elementor-column-gap-default\">\n\t\t\t\t\t<div class=\"elementor-column elementor-col-33 elementor-top-column elementor-element elementor-element-fb90a3c\" data-id=\"fb90a3c\" data-element_type=\"column\" data-e-type=\"column\">\n\t\t\t<div class=\"elementor-widget-wrap\">\n\t\t\t\t\t\t\t<\/div>\n\t\t<\/div>\n\t\t\t\t<div class=\"elementor-column elementor-col-33 elementor-top-column elementor-element elementor-element-fbb86df\" data-id=\"fbb86df\" data-element_type=\"column\" data-e-type=\"column\">\n\t\t\t<div class=\"elementor-widget-wrap\">\n\t\t\t\t\t\t\t<\/div>\n\t\t<\/div>\n\t\t\t\t<div class=\"elementor-column elementor-col-33 elementor-top-column elementor-element elementor-element-797d13b\" data-id=\"797d13b\" data-element_type=\"column\" data-e-type=\"column\">\n\t\t\t<div class=\"elementor-widget-wrap\">\n\t\t\t\t\t\t\t<\/div>\n\t\t<\/div>\n\t\t\t\t\t<\/div>\n\t\t<\/section>\n\t\t\t\t<section class=\"elementor-section elementor-top-section elementor-element elementor-element-393730e elementor-section-stretched elementor-section-boxed elementor-section-height-default elementor-section-height-default\" data-id=\"393730e\" data-element_type=\"section\" data-e-type=\"section\" data-settings=\"{&quot;stretch_section&quot;:&quot;section-stretched&quot;,&quot;background_background&quot;:&quot;gradient&quot;}\">\n\t\t\t\t\t\t<div class=\"elementor-container elementor-column-gap-default\">\n\t\t\t\t\t<div class=\"elementor-column elementor-col-100 elementor-top-column elementor-element elementor-element-7938bed\" data-id=\"7938bed\" data-element_type=\"column\" data-e-type=\"column\">\n\t\t\t<div class=\"elementor-widget-wrap elementor-element-populated\">\n\t\t\t\t\t\t<div class=\"elementor-element elementor-element-511e61a elementor-widget elementor-widget-heading\" data-id=\"511e61a\" data-element_type=\"widget\" data-e-type=\"widget\" data-widget_type=\"heading.default\">\n\t\t\t\t<div class=\"elementor-widget-container\">\n\t\t\t\t\t<h2 class=\"elementor-heading-title elementor-size-default\">WYROBY Z DREWNA<\/h2>\t\t\t\t<\/div>\n\t\t\t\t<\/div>\n\t\t\t\t<div class=\"elementor-element elementor-element-0162b87 elementor-widget elementor-widget-text-editor\" data-id=\"0162b87\" data-element_type=\"widget\" data-e-type=\"widget\" data-widget_type=\"text-editor.default\">\n\t\t\t\t<div class=\"elementor-widget-container\">\n\t\t\t\t\t\t\t\t\t<p>Nasza firma oferuje Pa\u0144stwu r\u00f3wnie\u017c setki innych drobiazg\u00f3w z akcesori\u00f3w kuchennych czy galanterii drewnianej.<\/p><p>Oferujemy r\u00f3wnie\u017c do sprzeda\u017cy altany i meble ogrodowe oraz ma\u0142\u0105 architektur\u0119 ogrodow\u0105. Od wczesnej wiosny a\u017c do pierwszych \u015bnieg\u00f3w zapraszamy Pa\u0144stwa do odwiedzenia ekspozycji mebli ogrodowych dost\u0119pnej na terenie sklepu.<\/p><p>Posiadamy r\u00f3wnie\u017c du\u017cy wyb\u00f3r sztachet na ogrodzenia. Dost\u0119pne s\u0105 one w kilkunastu wzorach i wymiarach na \u017cyczenie klienta. Poza tym zajmujemy si\u0119 kompleksowym przygotowaniem sztachet na ogrodzenie, tj. szlifowanie, impregnowanie i malowanie.<\/p><p>Wychodz\u0105c naprzeciw potrzebom Klienta od pocz\u0105tku swojej dzia\u0142alno\u015bci ca\u0142y czas poszerzamy sw\u00f3j asortyment o nowe produkty, aby nieustannie poszerza\u0107 grono naszych zadowolonych Klient\u00f3w.<\/p><p>Serdecznie zapraszamy i \u017cyczymy udanych zakup\u00f3w.\u00a0<\/p>\t\t\t\t\t\t\t\t<\/div>\n\t\t\t\t<\/div>\n\t\t\t\t\t<\/div>\n\t\t<\/div>\n\t\t\t\t\t<\/div>\n\t\t<\/section>\n\t\t\t\t<section class=\"elementor-section elementor-top-section elementor-element elementor-element-051fe83 elementor-section-boxed elementor-section-height-default elementor-section-height-default\" data-id=\"051fe83\" data-element_type=\"section\" data-e-type=\"section\">\n\t\t\t\t\t\t<div class=\"elementor-container elementor-column-gap-default\">\n\t\t\t\t\t<div class=\"elementor-column elementor-col-100 elementor-top-column elementor-element elementor-element-59b61d2\" data-id=\"59b61d2\" data-element_type=\"column\" data-e-type=\"column\">\n\t\t\t<div class=\"elementor-widget-wrap\">\n\t\t\t\t\t\t\t<\/div>\n\t\t<\/div>\n\t\t\t\t\t<\/div>\n\t\t<\/section>\n\t\t\t\t<section class=\"elementor-section elementor-top-section elementor-element elementor-element-08a52d3 elementor-section-boxed elementor-section-height-default elementor-section-height-default\" data-id=\"08a52d3\" data-element_type=\"section\" data-e-type=\"section\">\n\t\t\t\t\t\t<div class=\"elementor-container elementor-column-gap-default\">\n\t\t\t\t\t<div class=\"elementor-column elementor-col-25 elementor-top-column elementor-element elementor-element-abffb97\" data-id=\"abffb97\" data-element_type=\"column\" data-e-type=\"column\">\n\t\t\t<div class=\"elementor-widget-wrap elementor-element-populated\">\n\t\t\t\t\t\t<div class=\"elementor-element elementor-element-05cf208 elementor-widget elementor-widget-image\" data-id=\"05cf208\" data-element_type=\"widget\" data-e-type=\"widget\" data-widget_type=\"image.default\">\n\t\t\t\t<div class=\"elementor-widget-container\">\n\t\t\t\t\t\t\t\t\t\t\t\t\t\t\t<img decoding=\"async\" width=\"150\" height=\"150\" src=\"https:\/\/www.swiatdrewna.com.pl\/wp-content\/uploads\/2020\/06\/sketch-150x150.png\" class=\"attachment-thumbnail size-thumbnail wp-image-253\" alt=\"\" srcset=\"https:\/\/www.swiatdrewna.com.pl\/wp-content\/uploads\/2020\/06\/sketch-150x150.png 150w, https:\/\/www.swiatdrewna.com.pl\/wp-content\/uploads\/2020\/06\/sketch-300x300.png 300w, https:\/\/www.swiatdrewna.com.pl\/wp-content\/uploads\/2020\/06\/sketch.png 512w\" sizes=\"(max-width: 150px) 100vw, 150px\" \/>\t\t\t\t\t\t\t\t\t\t\t\t\t\t\t<\/div>\n\t\t\t\t<\/div>\n\t\t\t\t<div class=\"elementor-element elementor-element-7f503af elementor-widget elementor-widget-heading\" data-id=\"7f503af\" data-element_type=\"widget\" data-e-type=\"widget\" data-widget_type=\"heading.default\">\n\t\t\t\t<div class=\"elementor-widget-container\">\n\t\t\t\t\t<h2 class=\"elementor-heading-title elementor-size-default\">MEBLE Z DREWNA<\/h2>\t\t\t\t<\/div>\n\t\t\t\t<\/div>\n\t\t\t\t<div class=\"elementor-element elementor-element-37005f5 elementor-widget elementor-widget-text-editor\" data-id=\"37005f5\" data-element_type=\"widget\" data-e-type=\"widget\" data-widget_type=\"text-editor.default\">\n\t\t\t\t<div class=\"elementor-widget-container\">\n\t\t\t\t\t\t\t\t\t<p>W naszej ofercie znajd\u0105 Pa\u0144stwo szeroki wyb\u00f3r mebli z drewna<\/p>\t\t\t\t\t\t\t\t<\/div>\n\t\t\t\t<\/div>\n\t\t\t\t\t<\/div>\n\t\t<\/div>\n\t\t\t\t<div class=\"elementor-column elementor-col-25 elementor-top-column elementor-element elementor-element-372b963\" data-id=\"372b963\" data-element_type=\"column\" data-e-type=\"column\">\n\t\t\t<div class=\"elementor-widget-wrap elementor-element-populated\">\n\t\t\t\t\t\t<div class=\"elementor-element elementor-element-c0a0a43 elementor-widget elementor-widget-image\" data-id=\"c0a0a43\" data-element_type=\"widget\" data-e-type=\"widget\" data-widget_type=\"image.default\">\n\t\t\t\t<div class=\"elementor-widget-container\">\n\t\t\t\t\t\t\t\t\t\t\t\t\t\t\t<img decoding=\"async\" width=\"150\" height=\"150\" src=\"https:\/\/www.swiatdrewna.com.pl\/wp-content\/uploads\/2020\/06\/wood-board-150x150.png\" class=\"attachment-thumbnail size-thumbnail wp-image-257\" alt=\"\" srcset=\"https:\/\/www.swiatdrewna.com.pl\/wp-content\/uploads\/2020\/06\/wood-board-150x150.png 150w, https:\/\/www.swiatdrewna.com.pl\/wp-content\/uploads\/2020\/06\/wood-board-300x300.png 300w, https:\/\/www.swiatdrewna.com.pl\/wp-content\/uploads\/2020\/06\/wood-board.png 512w\" sizes=\"(max-width: 150px) 100vw, 150px\" \/>\t\t\t\t\t\t\t\t\t\t\t\t\t\t\t<\/div>\n\t\t\t\t<\/div>\n\t\t\t\t<div class=\"elementor-element elementor-element-626ecb2 elementor-widget elementor-widget-heading\" data-id=\"626ecb2\" data-element_type=\"widget\" data-e-type=\"widget\" data-widget_type=\"heading.default\">\n\t\t\t\t<div class=\"elementor-widget-container\">\n\t\t\t\t\t<h2 class=\"elementor-heading-title elementor-size-default\">DESKI POD\u0141OGOWE<\/h2>\t\t\t\t<\/div>\n\t\t\t\t<\/div>\n\t\t\t\t<div class=\"elementor-element elementor-element-91c1adc elementor-widget elementor-widget-text-editor\" data-id=\"91c1adc\" data-element_type=\"widget\" data-e-type=\"widget\" data-widget_type=\"text-editor.default\">\n\t\t\t\t<div class=\"elementor-widget-container\">\n\t\t\t\t\t\t\t\t\t<p>Polecamy drewniane panel pod\u0142ogowe\u00a0<\/p>\t\t\t\t\t\t\t\t<\/div>\n\t\t\t\t<\/div>\n\t\t\t\t\t<\/div>\n\t\t<\/div>\n\t\t\t\t<div class=\"elementor-column elementor-col-25 elementor-top-column elementor-element elementor-element-588bbf6\" data-id=\"588bbf6\" data-element_type=\"column\" data-e-type=\"column\">\n\t\t\t<div class=\"elementor-widget-wrap elementor-element-populated\">\n\t\t\t\t\t\t<div class=\"elementor-element elementor-element-3115009 elementor-widget elementor-widget-image\" data-id=\"3115009\" data-element_type=\"widget\" data-e-type=\"widget\" data-widget_type=\"image.default\">\n\t\t\t\t<div class=\"elementor-widget-container\">\n\t\t\t\t\t\t\t\t\t\t\t\t\t\t\t<img decoding=\"async\" width=\"150\" height=\"150\" src=\"https:\/\/www.swiatdrewna.com.pl\/wp-content\/uploads\/2020\/06\/floor-150x150.png\" class=\"attachment-thumbnail size-thumbnail wp-image-261\" alt=\"\" srcset=\"https:\/\/www.swiatdrewna.com.pl\/wp-content\/uploads\/2020\/06\/floor-150x150.png 150w, https:\/\/www.swiatdrewna.com.pl\/wp-content\/uploads\/2020\/06\/floor-300x300.png 300w, https:\/\/www.swiatdrewna.com.pl\/wp-content\/uploads\/2020\/06\/floor.png 512w\" sizes=\"(max-width: 150px) 100vw, 150px\" \/>\t\t\t\t\t\t\t\t\t\t\t\t\t\t\t<\/div>\n\t\t\t\t<\/div>\n\t\t\t\t<div class=\"elementor-element elementor-element-1eaf34f elementor-widget elementor-widget-heading\" data-id=\"1eaf34f\" data-element_type=\"widget\" data-e-type=\"widget\" data-widget_type=\"heading.default\">\n\t\t\t\t<div class=\"elementor-widget-container\">\n\t\t\t\t\t<h2 class=\"elementor-heading-title elementor-size-default\">WYKO\u0143CZENIA <\/h2>\t\t\t\t<\/div>\n\t\t\t\t<\/div>\n\t\t\t\t<div class=\"elementor-element elementor-element-d763f35 elementor-widget elementor-widget-text-editor\" data-id=\"d763f35\" data-element_type=\"widget\" data-e-type=\"widget\" data-widget_type=\"text-editor.default\">\n\t\t\t\t<div class=\"elementor-widget-container\">\n\t\t\t\t\t\t\t\t\t<p>Oferta drewnianych element\u00f3w wyko\u0144czeniowych\u00a0<\/p>\t\t\t\t\t\t\t\t<\/div>\n\t\t\t\t<\/div>\n\t\t\t\t\t<\/div>\n\t\t<\/div>\n\t\t\t\t<div class=\"elementor-column elementor-col-25 elementor-top-column elementor-element elementor-element-d98a542\" data-id=\"d98a542\" data-element_type=\"column\" data-e-type=\"column\">\n\t\t\t<div class=\"elementor-widget-wrap elementor-element-populated\">\n\t\t\t\t\t\t<div class=\"elementor-element elementor-element-5dab72b elementor-widget elementor-widget-image\" data-id=\"5dab72b\" data-element_type=\"widget\" data-e-type=\"widget\" data-widget_type=\"image.default\">\n\t\t\t\t<div class=\"elementor-widget-container\">\n\t\t\t\t\t\t\t\t\t\t\t\t\t\t\t<img loading=\"lazy\" decoding=\"async\" width=\"150\" height=\"150\" src=\"https:\/\/www.swiatdrewna.com.pl\/wp-content\/uploads\/2020\/06\/door-150x150.png\" class=\"attachment-thumbnail size-thumbnail wp-image-259\" alt=\"\" srcset=\"https:\/\/www.swiatdrewna.com.pl\/wp-content\/uploads\/2020\/06\/door-150x150.png 150w, https:\/\/www.swiatdrewna.com.pl\/wp-content\/uploads\/2020\/06\/door-300x300.png 300w, https:\/\/www.swiatdrewna.com.pl\/wp-content\/uploads\/2020\/06\/door.png 512w\" sizes=\"(max-width: 150px) 100vw, 150px\" \/>\t\t\t\t\t\t\t\t\t\t\t\t\t\t\t<\/div>\n\t\t\t\t<\/div>\n\t\t\t\t<div class=\"elementor-element elementor-element-cb028a9 elementor-widget elementor-widget-heading\" data-id=\"cb028a9\" data-element_type=\"widget\" data-e-type=\"widget\" data-widget_type=\"heading.default\">\n\t\t\t\t<div class=\"elementor-widget-container\">\n\t\t\t\t\t<h2 class=\"elementor-heading-title elementor-size-default\">DRZWI<\/h2>\t\t\t\t<\/div>\n\t\t\t\t<\/div>\n\t\t\t\t<div class=\"elementor-element elementor-element-a5f7e17 elementor-widget elementor-widget-text-editor\" data-id=\"a5f7e17\" data-element_type=\"widget\" data-e-type=\"widget\" data-widget_type=\"text-editor.default\">\n\t\t\t\t<div class=\"elementor-widget-container\">\n\t\t\t\t\t\t\t\t\t<p>Zapraszamy do zapoznania si\u0119 z ofert\u0105 drzwi wewn\u0119trznych<\/p>\t\t\t\t\t\t\t\t<\/div>\n\t\t\t\t<\/div>\n\t\t\t\t\t<\/div>\n\t\t<\/div>\n\t\t\t\t\t<\/div>\n\t\t<\/section>\n\t\t\t\t<section class=\"elementor-section elementor-top-section elementor-element elementor-element-ac2ddf5 elementor-section-stretched elementor-section-full_width elementor-section-height-default elementor-section-height-default\" data-id=\"ac2ddf5\" data-element_type=\"section\" data-e-type=\"section\" data-settings=\"{&quot;stretch_section&quot;:&quot;section-stretched&quot;,&quot;background_background&quot;:&quot;classic&quot;}\">\n\t\t\t\t\t\t<div class=\"elementor-container elementor-column-gap-default\">\n\t\t\t\t\t<div class=\"elementor-column elementor-col-50 elementor-top-column elementor-element elementor-element-c995523\" data-id=\"c995523\" data-element_type=\"column\" data-e-type=\"column\">\n\t\t\t<div class=\"elementor-widget-wrap elementor-element-populated\">\n\t\t\t\t\t\t<div class=\"elementor-element elementor-element-c18200b elementor-widget elementor-widget-image\" data-id=\"c18200b\" data-element_type=\"widget\" data-e-type=\"widget\" data-widget_type=\"image.default\">\n\t\t\t\t<div class=\"elementor-widget-container\">\n\t\t\t\t\t\t\t\t\t\t\t\t\t\t\t<img loading=\"lazy\" decoding=\"async\" width=\"1024\" height=\"768\" src=\"https:\/\/www.swiatdrewna.com.pl\/wp-content\/uploads\/2021\/10\/2021.01.jpg\" class=\"attachment-large size-large wp-image-4611\" alt=\"\" srcset=\"https:\/\/www.swiatdrewna.com.pl\/wp-content\/uploads\/2021\/10\/2021.01.jpg 1024w, https:\/\/www.swiatdrewna.com.pl\/wp-content\/uploads\/2021\/10\/2021.01-300x225.jpg 300w, https:\/\/www.swiatdrewna.com.pl\/wp-content\/uploads\/2021\/10\/2021.01-768x576.jpg 768w\" sizes=\"(max-width: 1024px) 100vw, 1024px\" \/>\t\t\t\t\t\t\t\t\t\t\t\t\t\t\t<\/div>\n\t\t\t\t<\/div>\n\t\t\t\t\t<\/div>\n\t\t<\/div>\n\t\t\t\t<div class=\"elementor-column elementor-col-50 elementor-top-column elementor-element elementor-element-0425733\" data-id=\"0425733\" data-element_type=\"column\" data-e-type=\"column\">\n\t\t\t<div class=\"elementor-widget-wrap elementor-element-populated\">\n\t\t\t\t\t\t<div class=\"elementor-element elementor-element-dc66a5c elementor-widget elementor-widget-heading\" data-id=\"dc66a5c\" data-element_type=\"widget\" data-e-type=\"widget\" data-widget_type=\"heading.default\">\n\t\t\t\t<div class=\"elementor-widget-container\">\n\t\t\t\t\t<h2 class=\"elementor-heading-title elementor-size-small\">HISTORIA<\/h2>\t\t\t\t<\/div>\n\t\t\t\t<\/div>\n\t\t\t\t<div class=\"elementor-element elementor-element-96d1a79 elementor-widget elementor-widget-text-editor\" data-id=\"96d1a79\" data-element_type=\"widget\" data-e-type=\"widget\" data-widget_type=\"text-editor.default\">\n\t\t\t\t<div class=\"elementor-widget-container\">\n\t\t\t\t\t\t\t\t\t<p>Tak naprawd\u0119 zainteresowanie drewnem, a przede wszystkim jego fachowa obr\u00f3bka si\u0119ga w tradycji rodzinnej kilkudziesi\u0119ciu lat wstecz\u2026 Senior Rodu, a wcze\u015bniej Jego Ojciec, przez wiele lat zajmowali si\u0119 stolarstwem\u2026<\/p><p>W ko\u0144cu przyszed\u0142 czas na przekonanie do drewna wi\u0119kszej ilo\u015bci os\u00f3b, st\u0105d pomys\u0142 na sklep.\u00a0<\/p>\t\t\t\t\t\t\t\t<\/div>\n\t\t\t\t<\/div>\n\t\t\t\t<div class=\"elementor-element elementor-element-b30449d elementor-widget elementor-widget-button\" data-id=\"b30449d\" data-element_type=\"widget\" data-e-type=\"widget\" data-widget_type=\"button.default\">\n\t\t\t\t<div class=\"elementor-widget-container\">\n\t\t\t\t\t\t\t\t\t<div class=\"elementor-button-wrapper\">\n\t\t\t\t\t<a class=\"elementor-button elementor-button-link elementor-size-md elementor-animation-shrink\" href=\"http:\/\/www.swiatdrewna.com.pl\/historia\/\">\n\t\t\t\t\t\t<span class=\"elementor-button-content-wrapper\">\n\t\t\t\t\t\t\t\t\t<span class=\"elementor-button-text\">WI\u0118CEJ<\/span>\n\t\t\t\t\t<\/span>\n\t\t\t\t\t<\/a>\n\t\t\t\t<\/div>\n\t\t\t\t\t\t\t\t<\/div>\n\t\t\t\t<\/div>\n\t\t\t\t\t<\/div>\n\t\t<\/div>\n\t\t\t\t\t<\/div>\n\t\t<\/section>\n\t\t\t\t<section class=\"elementor-section elementor-top-section elementor-element elementor-element-8f63b38 elementor-section-stretched elementor-section-full_width elementor-section-height-default elementor-section-height-default\" data-id=\"8f63b38\" data-element_type=\"section\" data-e-type=\"section\" data-settings=\"{&quot;stretch_section&quot;:&quot;section-stretched&quot;}\">\n\t\t\t\t\t\t<div class=\"elementor-container elementor-column-gap-default\">\n\t\t\t\t\t<div class=\"elementor-column elementor-col-100 elementor-top-column elementor-element elementor-element-6c44e0d\" data-id=\"6c44e0d\" data-element_type=\"column\" data-e-type=\"column\">\n\t\t\t<div class=\"elementor-widget-wrap elementor-element-populated\">\n\t\t\t\t\t\t<div class=\"elementor-element elementor-element-134b7ec elementor-widget elementor-widget-google_maps\" data-id=\"134b7ec\" data-element_type=\"widget\" data-e-type=\"widget\" data-widget_type=\"google_maps.default\">\n\t\t\t\t<div class=\"elementor-widget-container\">\n\t\t\t\t\t\t\t<div class=\"elementor-custom-embed\">\n\t\t\t<iframe loading=\"lazy\"\n\t\t\t\t\tsrc=\"https:\/\/maps.google.com\/maps?q=%C5%9AWIAT%20DREWNA%20PERLAK%20MARCIN%20%20%20%20ul.%20Jasna%2011%2C%2032-300%20Olkusz&#038;t=m&#038;z=12&#038;output=embed&#038;iwloc=near\"\n\t\t\t\t\ttitle=\"\u015aWIAT DREWNA PERLAK MARCIN    ul. Jasna 11, 32-300 Olkusz\"\n\t\t\t\t\taria-label=\"\u015aWIAT DREWNA PERLAK MARCIN    ul. Jasna 11, 32-300 Olkusz\"\n\t\t\t><\/iframe>\n\t\t<\/div>\n\t\t\t\t\t\t<\/div>\n\t\t\t\t<\/div>\n\t\t\t\t\t<\/div>\n\t\t<\/div>\n\t\t\t\t\t<\/div>\n\t\t<\/section>\n\t\t\t\t<\/div>\n\t\t","protected":false},"excerpt":{"rendered":"<p>WITAMY W \u015aWIECIE DREWNA Firma \u015aWIAT DREWNA zajmuje si\u0119 sprzeda\u017c\u0105 bardzo szerokiej gamy wyrob\u00f3w z drewna. \u015aWIAT DREWNA Firma \u015aWIAT DREWNA zajmuje si\u0119 sprzeda\u017c\u0105 bardzo szerokiej gamy wyrob\u00f3w z drewna. Przede wszystkim oferujemy tak przydatne podczas ka\u017cdego remontu listwy monta\u017cowe, kant\u00f3wki, listwy wyko\u0144czeniowe, boazeri\u0119 i podbitk\u0119. Ponadto mo\u017cna u nas naby\u0107 drzwi, schody, tralki czy [&hellip;]<\/p>\n","protected":false},"author":1,"featured_media":0,"parent":0,"menu_order":0,"comment_status":"closed","ping_status":"closed","template":"","meta":{"footnotes":""},"class_list":["post-5","page","type-page","status-publish","hentry","entry"],"_links":{"self":[{"href":"https:\/\/www.swiatdrewna.com.pl\/index.php?rest_route=\/wp\/v2\/pages\/5","targetHints":{"allow":["GET"]}}],"collection":[{"href":"https:\/\/www.swiatdrewna.com.pl\/index.php?rest_route=\/wp\/v2\/pages"}],"about":[{"href":"https:\/\/www.swiatdrewna.com.pl\/index.php?rest_route=\/wp\/v2\/types\/page"}],"author":[{"embeddable":true,"href":"https:\/\/www.swiatdrewna.com.pl\/index.php?rest_route=\/wp\/v2\/users\/1"}],"replies":[{"embeddable":true,"href":"https:\/\/www.swiatdrewna.com.pl\/index.php?rest_route=%2Fwp%2Fv2%2Fcomments&post=5"}],"version-history":[{"count":93,"href":"https:\/\/www.swiatdrewna.com.pl\/index.php?rest_route=\/wp\/v2\/pages\/5\/revisions"}],"predecessor-version":[{"id":5664,"href":"https:\/\/www.swiatdrewna.com.pl\/index.php?rest_route=\/wp\/v2\/pages\/5\/revisions\/5664"}],"wp:attachment":[{"href":"https:\/\/www.swiatdrewna.com.pl\/index.php?rest_route=%2Fwp%2Fv2%2Fmedia&parent=5"}],"curies":[{"name":"wp","href":"https:\/\/api.w.org\/{rel}","templated":true}]}}