{"id":68,"date":"2020-06-23T11:09:14","date_gmt":"2020-06-23T09:09:14","guid":{"rendered":"http:\/\/www.swiatdrewna.com.pl\/?page_id=68"},"modified":"2023-04-26T10:08:51","modified_gmt":"2023-04-26T08:08:51","slug":"grille-ogrodowe","status":"publish","type":"page","link":"https:\/\/www.swiatdrewna.com.pl\/?page_id=68","title":{"rendered":"Grille ogrodowe"},"content":{"rendered":"\t\t<div data-elementor-type=\"wp-page\" data-elementor-id=\"68\" class=\"elementor elementor-68\">\n\t\t\t\t\t\t<section class=\"elementor-section elementor-top-section elementor-element elementor-element-3ee7500 elementor-section-stretched elementor-section-boxed elementor-section-height-default elementor-section-height-default\" data-id=\"3ee7500\" data-element_type=\"section\" data-e-type=\"section\" data-settings=\"{&quot;stretch_section&quot;:&quot;section-stretched&quot;,&quot;background_background&quot;:&quot;classic&quot;}\">\n\t\t\t\t\t\t<div class=\"elementor-container elementor-column-gap-default\">\n\t\t\t\t\t<div class=\"elementor-column elementor-col-100 elementor-top-column elementor-element elementor-element-66576bd\" data-id=\"66576bd\" data-element_type=\"column\" data-e-type=\"column\">\n\t\t\t<div class=\"elementor-widget-wrap elementor-element-populated\">\n\t\t\t\t\t\t<div class=\"elementor-element elementor-element-96e6026 elementor-widget elementor-widget-heading\" data-id=\"96e6026\" data-element_type=\"widget\" data-e-type=\"widget\" data-widget_type=\"heading.default\">\n\t\t\t\t<div class=\"elementor-widget-container\">\n\t\t\t\t\t<h2 class=\"elementor-heading-title elementor-size-default\">OGR\u00d3D<\/h2>\t\t\t\t<\/div>\n\t\t\t\t<\/div>\n\t\t\t\t\t<\/div>\n\t\t<\/div>\n\t\t\t\t\t<\/div>\n\t\t<\/section>\n\t\t\t\t<section class=\"elementor-section elementor-top-section elementor-element elementor-element-347440f2 elementor-section-stretched elementor-section-boxed elementor-section-height-default elementor-section-height-default\" data-id=\"347440f2\" data-element_type=\"section\" data-e-type=\"section\" data-settings=\"{&quot;stretch_section&quot;:&quot;section-stretched&quot;,&quot;background_background&quot;:&quot;gradient&quot;}\">\n\t\t\t\t\t\t<div class=\"elementor-container elementor-column-gap-default\">\n\t\t\t\t\t<div class=\"elementor-column elementor-col-100 elementor-top-column elementor-element elementor-element-4cbf29a8\" data-id=\"4cbf29a8\" data-element_type=\"column\" data-e-type=\"column\">\n\t\t\t<div class=\"elementor-widget-wrap elementor-element-populated\">\n\t\t\t\t\t\t<div class=\"elementor-element elementor-element-4b3d045c elementor-widget elementor-widget-heading\" data-id=\"4b3d045c\" data-element_type=\"widget\" data-e-type=\"widget\" data-widget_type=\"heading.default\">\n\t\t\t\t<div class=\"elementor-widget-container\">\n\t\t\t\t\t<h2 class=\"elementor-heading-title elementor-size-default\">GRILLE <\/h2>\t\t\t\t<\/div>\n\t\t\t\t<\/div>\n\t\t\t\t<div class=\"elementor-element elementor-element-28086a1d elementor-widget elementor-widget-heading\" data-id=\"28086a1d\" data-element_type=\"widget\" data-e-type=\"widget\" data-widget_type=\"heading.default\">\n\t\t\t\t<div class=\"elementor-widget-container\">\n\t\t\t\t\t<h2 class=\"elementor-heading-title elementor-size-default\">KOMINKI OGRODOWE<\/h2>\t\t\t\t<\/div>\n\t\t\t\t<\/div>\n\t\t\t\t<div class=\"elementor-element elementor-element-7b036f0d gallery-spacing-custom elementor-widget elementor-widget-image-gallery\" data-id=\"7b036f0d\" data-element_type=\"widget\" data-e-type=\"widget\" data-widget_type=\"image-gallery.default\">\n\t\t\t\t<div class=\"elementor-widget-container\">\n\t\t\t\t\t\t\t<div class=\"elementor-image-gallery\">\n\t\t\t<div id='gallery-1' class='gallery galleryid-68 gallery-columns-6 gallery-size-thumbnail'><figure class='gallery-item'>\n\t\t\t<div class='gallery-icon portrait'>\n\t\t\t\t<a data-elementor-open-lightbox=\"yes\" data-elementor-lightbox-slideshow=\"7b036f0d\" data-elementor-lightbox-title=\"111\" data-e-action-hash=\"#elementor-action%3Aaction%3Dlightbox%26settings%3DeyJpZCI6MzUzMiwidXJsIjoiaHR0cHM6XC9cL3d3dy5zd2lhdGRyZXduYS5jb20ucGxcL3dwLWNvbnRlbnRcL3VwbG9hZHNcLzIwMjFcLzAxXC8xMTEuanBnIiwic2xpZGVzaG93IjoiN2IwMzZmMGQifQ%3D%3D\" href='https:\/\/www.swiatdrewna.com.pl\/wp-content\/uploads\/2021\/01\/111.jpg'><img decoding=\"async\" width=\"150\" height=\"150\" src=\"https:\/\/www.swiatdrewna.com.pl\/wp-content\/uploads\/2021\/01\/111-150x150.jpg\" class=\"attachment-thumbnail size-thumbnail\" alt=\"\" \/><\/a>\n\t\t\t<\/div><\/figure><figure class='gallery-item'>\n\t\t\t<div class='gallery-icon portrait'>\n\t\t\t\t<a data-elementor-open-lightbox=\"yes\" data-elementor-lightbox-slideshow=\"7b036f0d\" data-elementor-lightbox-title=\"112\" data-e-action-hash=\"#elementor-action%3Aaction%3Dlightbox%26settings%3DeyJpZCI6MzUzMywidXJsIjoiaHR0cHM6XC9cL3d3dy5zd2lhdGRyZXduYS5jb20ucGxcL3dwLWNvbnRlbnRcL3VwbG9hZHNcLzIwMjFcLzAxXC8xMTIuanBnIiwic2xpZGVzaG93IjoiN2IwMzZmMGQifQ%3D%3D\" href='https:\/\/www.swiatdrewna.com.pl\/wp-content\/uploads\/2021\/01\/112.jpg'><img decoding=\"async\" width=\"150\" height=\"150\" src=\"https:\/\/www.swiatdrewna.com.pl\/wp-content\/uploads\/2021\/01\/112-150x150.jpg\" class=\"attachment-thumbnail size-thumbnail\" alt=\"\" \/><\/a>\n\t\t\t<\/div><\/figure><figure class='gallery-item'>\n\t\t\t<div class='gallery-icon portrait'>\n\t\t\t\t<a data-elementor-open-lightbox=\"yes\" data-elementor-lightbox-slideshow=\"7b036f0d\" data-elementor-lightbox-title=\"113\" data-e-action-hash=\"#elementor-action%3Aaction%3Dlightbox%26settings%3DeyJpZCI6MzUzNCwidXJsIjoiaHR0cHM6XC9cL3d3dy5zd2lhdGRyZXduYS5jb20ucGxcL3dwLWNvbnRlbnRcL3VwbG9hZHNcLzIwMjFcLzAxXC8xMTMuanBnIiwic2xpZGVzaG93IjoiN2IwMzZmMGQifQ%3D%3D\" href='https:\/\/www.swiatdrewna.com.pl\/wp-content\/uploads\/2021\/01\/113.jpg'><img decoding=\"async\" width=\"150\" height=\"150\" src=\"https:\/\/www.swiatdrewna.com.pl\/wp-content\/uploads\/2021\/01\/113-150x150.jpg\" class=\"attachment-thumbnail size-thumbnail\" alt=\"\" \/><\/a>\n\t\t\t<\/div><\/figure><figure class='gallery-item'>\n\t\t\t<div class='gallery-icon portrait'>\n\t\t\t\t<a data-elementor-open-lightbox=\"yes\" data-elementor-lightbox-slideshow=\"7b036f0d\" data-elementor-lightbox-title=\"114\" data-e-action-hash=\"#elementor-action%3Aaction%3Dlightbox%26settings%3DeyJpZCI6MzUzNSwidXJsIjoiaHR0cHM6XC9cL3d3dy5zd2lhdGRyZXduYS5jb20ucGxcL3dwLWNvbnRlbnRcL3VwbG9hZHNcLzIwMjFcLzAxXC8xMTQuanBnIiwic2xpZGVzaG93IjoiN2IwMzZmMGQifQ%3D%3D\" href='https:\/\/www.swiatdrewna.com.pl\/wp-content\/uploads\/2021\/01\/114.jpg'><img loading=\"lazy\" decoding=\"async\" width=\"150\" height=\"150\" src=\"https:\/\/www.swiatdrewna.com.pl\/wp-content\/uploads\/2021\/01\/114-150x150.jpg\" class=\"attachment-thumbnail size-thumbnail\" alt=\"\" \/><\/a>\n\t\t\t<\/div><\/figure><figure class='gallery-item'>\n\t\t\t<div class='gallery-icon portrait'>\n\t\t\t\t<a data-elementor-open-lightbox=\"yes\" data-elementor-lightbox-slideshow=\"7b036f0d\" data-elementor-lightbox-title=\"115\" data-e-action-hash=\"#elementor-action%3Aaction%3Dlightbox%26settings%3DeyJpZCI6MzUzNiwidXJsIjoiaHR0cHM6XC9cL3d3dy5zd2lhdGRyZXduYS5jb20ucGxcL3dwLWNvbnRlbnRcL3VwbG9hZHNcLzIwMjFcLzAxXC8xMTUuanBnIiwic2xpZGVzaG93IjoiN2IwMzZmMGQifQ%3D%3D\" href='https:\/\/www.swiatdrewna.com.pl\/wp-content\/uploads\/2021\/01\/115.jpg'><img loading=\"lazy\" decoding=\"async\" width=\"150\" height=\"150\" src=\"https:\/\/www.swiatdrewna.com.pl\/wp-content\/uploads\/2021\/01\/115-150x150.jpg\" class=\"attachment-thumbnail size-thumbnail\" alt=\"\" \/><\/a>\n\t\t\t<\/div><\/figure><figure class='gallery-item'>\n\t\t\t<div class='gallery-icon portrait'>\n\t\t\t\t<a data-elementor-open-lightbox=\"yes\" data-elementor-lightbox-slideshow=\"7b036f0d\" data-elementor-lightbox-title=\"116\" data-e-action-hash=\"#elementor-action%3Aaction%3Dlightbox%26settings%3DeyJpZCI6MzUzNywidXJsIjoiaHR0cHM6XC9cL3d3dy5zd2lhdGRyZXduYS5jb20ucGxcL3dwLWNvbnRlbnRcL3VwbG9hZHNcLzIwMjFcLzAxXC8xMTYuanBnIiwic2xpZGVzaG93IjoiN2IwMzZmMGQifQ%3D%3D\" href='https:\/\/www.swiatdrewna.com.pl\/wp-content\/uploads\/2021\/01\/116.jpg'><img loading=\"lazy\" decoding=\"async\" width=\"150\" height=\"150\" src=\"https:\/\/www.swiatdrewna.com.pl\/wp-content\/uploads\/2021\/01\/116-150x150.jpg\" class=\"attachment-thumbnail size-thumbnail\" alt=\"\" \/><\/a>\n\t\t\t<\/div><\/figure><figure class='gallery-item'>\n\t\t\t<div class='gallery-icon portrait'>\n\t\t\t\t<a data-elementor-open-lightbox=\"yes\" data-elementor-lightbox-slideshow=\"7b036f0d\" data-elementor-lightbox-title=\"117\" data-e-action-hash=\"#elementor-action%3Aaction%3Dlightbox%26settings%3DeyJpZCI6MzUzOCwidXJsIjoiaHR0cHM6XC9cL3d3dy5zd2lhdGRyZXduYS5jb20ucGxcL3dwLWNvbnRlbnRcL3VwbG9hZHNcLzIwMjFcLzAxXC8xMTcuanBnIiwic2xpZGVzaG93IjoiN2IwMzZmMGQifQ%3D%3D\" href='https:\/\/www.swiatdrewna.com.pl\/wp-content\/uploads\/2021\/01\/117.jpg'><img loading=\"lazy\" decoding=\"async\" width=\"150\" height=\"150\" src=\"https:\/\/www.swiatdrewna.com.pl\/wp-content\/uploads\/2021\/01\/117-150x150.jpg\" class=\"attachment-thumbnail size-thumbnail\" alt=\"\" \/><\/a>\n\t\t\t<\/div><\/figure><figure class='gallery-item'>\n\t\t\t<div class='gallery-icon portrait'>\n\t\t\t\t<a data-elementor-open-lightbox=\"yes\" data-elementor-lightbox-slideshow=\"7b036f0d\" data-elementor-lightbox-title=\"118\" data-e-action-hash=\"#elementor-action%3Aaction%3Dlightbox%26settings%3DeyJpZCI6MzUzOSwidXJsIjoiaHR0cHM6XC9cL3d3dy5zd2lhdGRyZXduYS5jb20ucGxcL3dwLWNvbnRlbnRcL3VwbG9hZHNcLzIwMjFcLzAxXC8xMTguanBnIiwic2xpZGVzaG93IjoiN2IwMzZmMGQifQ%3D%3D\" href='https:\/\/www.swiatdrewna.com.pl\/wp-content\/uploads\/2021\/01\/118.jpg'><img loading=\"lazy\" decoding=\"async\" width=\"150\" height=\"150\" src=\"https:\/\/www.swiatdrewna.com.pl\/wp-content\/uploads\/2021\/01\/118-150x150.jpg\" class=\"attachment-thumbnail size-thumbnail\" alt=\"\" \/><\/a>\n\t\t\t<\/div><\/figure>\n\t\t<\/div>\n\t\t<\/div>\n\t\t\t\t\t\t<\/div>\n\t\t\t\t<\/div>\n\t\t\t\t\t<\/div>\n\t\t<\/div>\n\t\t\t\t\t<\/div>\n\t\t<\/section>\n\t\t\t\t<section class=\"elementor-section elementor-top-section elementor-element elementor-element-d85fd11 elementor-section-stretched elementor-section-boxed elementor-section-height-default elementor-section-height-default\" data-id=\"d85fd11\" data-element_type=\"section\" data-e-type=\"section\" data-settings=\"{&quot;stretch_section&quot;:&quot;section-stretched&quot;,&quot;background_background&quot;:&quot;classic&quot;}\">\n\t\t\t\t\t\t\t<div class=\"elementor-background-overlay\"><\/div>\n\t\t\t\t\t\t\t<div class=\"elementor-container elementor-column-gap-default\">\n\t\t\t\t\t<div class=\"elementor-column elementor-col-100 elementor-top-column elementor-element elementor-element-9aa10e8\" data-id=\"9aa10e8\" data-element_type=\"column\" data-e-type=\"column\">\n\t\t\t<div class=\"elementor-widget-wrap elementor-element-populated\">\n\t\t\t\t\t\t<div class=\"elementor-element elementor-element-e37c95f elementor-widget elementor-widget-text-editor\" data-id=\"e37c95f\" data-element_type=\"widget\" data-e-type=\"widget\" data-widget_type=\"text-editor.default\">\n\t\t\t\t<div class=\"elementor-widget-container\">\n\t\t\t\t\t\t\t\t\t<p><em>Podane ceny s\u0105 cenami brutto. Cennik nie stanowi oferty handlowej w rozumieniu art. 66 par.1 Kodeksu Cywilnego.<\/em><br \/><em>Przed dokonaniem zakupu nale\u017cy si\u0119 skontaktowa\u0107 ze sprzedawc\u0105.<\/em><\/p>\t\t\t\t\t\t\t\t<\/div>\n\t\t\t\t<\/div>\n\t\t\t\t\t<\/div>\n\t\t<\/div>\n\t\t\t\t\t<\/div>\n\t\t<\/section>\n\t\t\t\t<\/div>\n\t\t","protected":false},"excerpt":{"rendered":"<p>\u015aWIAT DREWNA OGR\u00d3D \u015aWIAT DREWNA GRILLE KOMINKI OGRODOWE \u015aWIAT DREWNA lp. GRILLE \/ KOMINKI OGRODOWE J.m. CENA 111 Kominek BARBAKAN 170x96x63 podst.48&#215;65; 230kg Szt. 2 400,00 z\u0142 112 Kominek TUNIS 200x96x57 podst.47&#215;76 waga 250kg Szt. 2 300,00 z\u0142 113 Kominek BESKID 172x100x55 podst.47&#215;76 waga 240kg Szt. 2 300,00 z\u0142 114 Kominek BARBAKAN z gazem 170x96x63 [&hellip;]<\/p>\n","protected":false},"author":1,"featured_media":0,"parent":0,"menu_order":0,"comment_status":"closed","ping_status":"closed","template":"","meta":{"footnotes":""},"class_list":["post-68","page","type-page","status-publish","hentry","entry"],"_links":{"self":[{"href":"https:\/\/www.swiatdrewna.com.pl\/index.php?rest_route=\/wp\/v2\/pages\/68","targetHints":{"allow":["GET"]}}],"collection":[{"href":"https:\/\/www.swiatdrewna.com.pl\/index.php?rest_route=\/wp\/v2\/pages"}],"about":[{"href":"https:\/\/www.swiatdrewna.com.pl\/index.php?rest_route=\/wp\/v2\/types\/page"}],"author":[{"embeddable":true,"href":"https:\/\/www.swiatdrewna.com.pl\/index.php?rest_route=\/wp\/v2\/users\/1"}],"replies":[{"embeddable":true,"href":"https:\/\/www.swiatdrewna.com.pl\/index.php?rest_route=%2Fwp%2Fv2%2Fcomments&post=68"}],"version-history":[{"count":8,"href":"https:\/\/www.swiatdrewna.com.pl\/index.php?rest_route=\/wp\/v2\/pages\/68\/revisions"}],"predecessor-version":[{"id":5224,"href":"https:\/\/www.swiatdrewna.com.pl\/index.php?rest_route=\/wp\/v2\/pages\/68\/revisions\/5224"}],"wp:attachment":[{"href":"https:\/\/www.swiatdrewna.com.pl\/index.php?rest_route=%2Fwp%2Fv2%2Fmedia&parent=68"}],"curies":[{"name":"wp","href":"https:\/\/api.w.org\/{rel}","templated":true}]}}