{"id":76,"date":"2020-06-23T11:10:55","date_gmt":"2020-06-23T09:10:55","guid":{"rendered":"http:\/\/www.swiatdrewna.com.pl\/?page_id=76"},"modified":"2020-07-01T11:34:02","modified_gmt":"2020-07-01T09:34:02","slug":"biblioteczki-witryny","status":"publish","type":"page","link":"https:\/\/www.swiatdrewna.com.pl\/?page_id=76","title":{"rendered":"Biblioteczki | witryny"},"content":{"rendered":"\t\t<div data-elementor-type=\"wp-page\" data-elementor-id=\"76\" class=\"elementor elementor-76\">\n\t\t\t\t\t\t<section class=\"elementor-section elementor-top-section elementor-element elementor-element-3f9e6b7 elementor-section-stretched elementor-section-boxed elementor-section-height-default elementor-section-height-default\" data-id=\"3f9e6b7\" data-element_type=\"section\" data-e-type=\"section\" data-settings=\"{&quot;stretch_section&quot;:&quot;section-stretched&quot;,&quot;background_background&quot;:&quot;classic&quot;}\">\n\t\t\t\t\t\t<div class=\"elementor-container elementor-column-gap-default\">\n\t\t\t\t\t<div class=\"elementor-column elementor-col-100 elementor-top-column elementor-element elementor-element-5489043\" data-id=\"5489043\" data-element_type=\"column\" data-e-type=\"column\">\n\t\t\t<div class=\"elementor-widget-wrap elementor-element-populated\">\n\t\t\t\t\t\t<div class=\"elementor-element elementor-element-31ec3d7 elementor-widget elementor-widget-heading\" data-id=\"31ec3d7\" data-element_type=\"widget\" data-e-type=\"widget\" data-widget_type=\"heading.default\">\n\t\t\t\t<div class=\"elementor-widget-container\">\n\t\t\t\t\t<h2 class=\"elementor-heading-title elementor-size-default\">MEBLE<\/h2>\t\t\t\t<\/div>\n\t\t\t\t<\/div>\n\t\t\t\t\t<\/div>\n\t\t<\/div>\n\t\t\t\t\t<\/div>\n\t\t<\/section>\n\t\t\t\t<section class=\"elementor-section elementor-top-section elementor-element elementor-element-664a692 elementor-section-stretched elementor-section-boxed elementor-section-height-default elementor-section-height-default\" data-id=\"664a692\" data-element_type=\"section\" data-e-type=\"section\" data-settings=\"{&quot;stretch_section&quot;:&quot;section-stretched&quot;,&quot;background_background&quot;:&quot;gradient&quot;}\">\n\t\t\t\t\t\t<div class=\"elementor-container elementor-column-gap-default\">\n\t\t\t\t\t<div class=\"elementor-column elementor-col-100 elementor-top-column elementor-element elementor-element-7facb0f\" data-id=\"7facb0f\" data-element_type=\"column\" data-e-type=\"column\">\n\t\t\t<div class=\"elementor-widget-wrap elementor-element-populated\">\n\t\t\t\t\t\t<div class=\"elementor-element elementor-element-a84b587 elementor-widget elementor-widget-heading\" data-id=\"a84b587\" data-element_type=\"widget\" data-e-type=\"widget\" data-widget_type=\"heading.default\">\n\t\t\t\t<div class=\"elementor-widget-container\">\n\t\t\t\t\t<h2 class=\"elementor-heading-title elementor-size-default\">BIBLIOTECZKI, WITRYNY<\/h2>\t\t\t\t<\/div>\n\t\t\t\t<\/div>\n\t\t\t\t<div class=\"elementor-element elementor-element-0dcb809 gallery-spacing-custom elementor-widget elementor-widget-image-gallery\" data-id=\"0dcb809\" data-element_type=\"widget\" data-e-type=\"widget\" data-widget_type=\"image-gallery.default\">\n\t\t\t\t<div class=\"elementor-widget-container\">\n\t\t\t\t\t\t\t<div class=\"elementor-image-gallery\">\n\t\t\t<div id='gallery-1' class='gallery galleryid-76 gallery-columns-6 gallery-size-thumbnail'><figure class='gallery-item'>\n\t\t\t<div class='gallery-icon portrait'>\n\t\t\t\t<a data-elementor-open-lightbox=\"yes\" data-elementor-lightbox-slideshow=\"0dcb809\" data-elementor-lightbox-title=\"160311040738_01\" data-e-action-hash=\"#elementor-action%3Aaction%3Dlightbox%26settings%3DeyJpZCI6MTU2OSwidXJsIjoiaHR0cHM6XC9cL3d3dy5zd2lhdGRyZXduYS5jb20ucGxcL3dwLWNvbnRlbnRcL3VwbG9hZHNcLzIwMjBcLzA3XC8xNjAzMTEwNDA3MzhfMDEuanBnIiwic2xpZGVzaG93IjoiMGRjYjgwOSJ9\" href='https:\/\/www.swiatdrewna.com.pl\/wp-content\/uploads\/2020\/07\/160311040738_01.jpg'><img decoding=\"async\" width=\"150\" height=\"150\" src=\"https:\/\/www.swiatdrewna.com.pl\/wp-content\/uploads\/2020\/07\/160311040738_01-150x150.jpg\" class=\"attachment-thumbnail size-thumbnail\" alt=\"\" \/><\/a>\n\t\t\t<\/div><\/figure><figure class='gallery-item'>\n\t\t\t<div class='gallery-icon portrait'>\n\t\t\t\t<a data-elementor-open-lightbox=\"yes\" data-elementor-lightbox-slideshow=\"0dcb809\" data-elementor-lightbox-title=\"160311040738_02\" data-e-action-hash=\"#elementor-action%3Aaction%3Dlightbox%26settings%3DeyJpZCI6MTU3MCwidXJsIjoiaHR0cHM6XC9cL3d3dy5zd2lhdGRyZXduYS5jb20ucGxcL3dwLWNvbnRlbnRcL3VwbG9hZHNcLzIwMjBcLzA3XC8xNjAzMTEwNDA3MzhfMDIuanBnIiwic2xpZGVzaG93IjoiMGRjYjgwOSJ9\" href='https:\/\/www.swiatdrewna.com.pl\/wp-content\/uploads\/2020\/07\/160311040738_02.jpg'><img decoding=\"async\" width=\"150\" height=\"150\" src=\"https:\/\/www.swiatdrewna.com.pl\/wp-content\/uploads\/2020\/07\/160311040738_02-150x150.jpg\" class=\"attachment-thumbnail size-thumbnail\" alt=\"\" \/><\/a>\n\t\t\t<\/div><\/figure><figure class='gallery-item'>\n\t\t\t<div class='gallery-icon portrait'>\n\t\t\t\t<a data-elementor-open-lightbox=\"yes\" data-elementor-lightbox-slideshow=\"0dcb809\" data-elementor-lightbox-title=\"160311040738_03\" data-e-action-hash=\"#elementor-action%3Aaction%3Dlightbox%26settings%3DeyJpZCI6MTU3MSwidXJsIjoiaHR0cHM6XC9cL3d3dy5zd2lhdGRyZXduYS5jb20ucGxcL3dwLWNvbnRlbnRcL3VwbG9hZHNcLzIwMjBcLzA3XC8xNjAzMTEwNDA3MzhfMDMuanBnIiwic2xpZGVzaG93IjoiMGRjYjgwOSJ9\" href='https:\/\/www.swiatdrewna.com.pl\/wp-content\/uploads\/2020\/07\/160311040738_03.jpg'><img decoding=\"async\" width=\"150\" height=\"150\" src=\"https:\/\/www.swiatdrewna.com.pl\/wp-content\/uploads\/2020\/07\/160311040738_03-150x150.jpg\" class=\"attachment-thumbnail size-thumbnail\" alt=\"\" \/><\/a>\n\t\t\t<\/div><\/figure><figure class='gallery-item'>\n\t\t\t<div class='gallery-icon portrait'>\n\t\t\t\t<a data-elementor-open-lightbox=\"yes\" data-elementor-lightbox-slideshow=\"0dcb809\" data-elementor-lightbox-title=\"160311040738_04\" data-e-action-hash=\"#elementor-action%3Aaction%3Dlightbox%26settings%3DeyJpZCI6MTU3MiwidXJsIjoiaHR0cHM6XC9cL3d3dy5zd2lhdGRyZXduYS5jb20ucGxcL3dwLWNvbnRlbnRcL3VwbG9hZHNcLzIwMjBcLzA3XC8xNjAzMTEwNDA3MzhfMDQuanBnIiwic2xpZGVzaG93IjoiMGRjYjgwOSJ9\" href='https:\/\/www.swiatdrewna.com.pl\/wp-content\/uploads\/2020\/07\/160311040738_04.jpg'><img loading=\"lazy\" decoding=\"async\" width=\"150\" height=\"150\" src=\"https:\/\/www.swiatdrewna.com.pl\/wp-content\/uploads\/2020\/07\/160311040738_04-150x150.jpg\" class=\"attachment-thumbnail size-thumbnail\" alt=\"\" \/><\/a>\n\t\t\t<\/div><\/figure><figure class='gallery-item'>\n\t\t\t<div class='gallery-icon portrait'>\n\t\t\t\t<a data-elementor-open-lightbox=\"yes\" data-elementor-lightbox-slideshow=\"0dcb809\" data-elementor-lightbox-title=\"160311040738_05\" data-e-action-hash=\"#elementor-action%3Aaction%3Dlightbox%26settings%3DeyJpZCI6MTU3MywidXJsIjoiaHR0cHM6XC9cL3d3dy5zd2lhdGRyZXduYS5jb20ucGxcL3dwLWNvbnRlbnRcL3VwbG9hZHNcLzIwMjBcLzA3XC8xNjAzMTEwNDA3MzhfMDUuanBnIiwic2xpZGVzaG93IjoiMGRjYjgwOSJ9\" href='https:\/\/www.swiatdrewna.com.pl\/wp-content\/uploads\/2020\/07\/160311040738_05.jpg'><img loading=\"lazy\" decoding=\"async\" width=\"150\" height=\"150\" src=\"https:\/\/www.swiatdrewna.com.pl\/wp-content\/uploads\/2020\/07\/160311040738_05-150x150.jpg\" class=\"attachment-thumbnail size-thumbnail\" alt=\"\" \/><\/a>\n\t\t\t<\/div><\/figure><figure class='gallery-item'>\n\t\t\t<div class='gallery-icon portrait'>\n\t\t\t\t<a data-elementor-open-lightbox=\"yes\" data-elementor-lightbox-slideshow=\"0dcb809\" data-elementor-lightbox-title=\"160311040807_06\" data-e-action-hash=\"#elementor-action%3Aaction%3Dlightbox%26settings%3DeyJpZCI6MTU3NCwidXJsIjoiaHR0cHM6XC9cL3d3dy5zd2lhdGRyZXduYS5jb20ucGxcL3dwLWNvbnRlbnRcL3VwbG9hZHNcLzIwMjBcLzA3XC8xNjAzMTEwNDA4MDdfMDYuanBnIiwic2xpZGVzaG93IjoiMGRjYjgwOSJ9\" href='https:\/\/www.swiatdrewna.com.pl\/wp-content\/uploads\/2020\/07\/160311040807_06.jpg'><img loading=\"lazy\" decoding=\"async\" width=\"150\" height=\"150\" src=\"https:\/\/www.swiatdrewna.com.pl\/wp-content\/uploads\/2020\/07\/160311040807_06-150x150.jpg\" class=\"attachment-thumbnail size-thumbnail\" alt=\"\" \/><\/a>\n\t\t\t<\/div><\/figure><figure class='gallery-item'>\n\t\t\t<div class='gallery-icon portrait'>\n\t\t\t\t<a data-elementor-open-lightbox=\"yes\" data-elementor-lightbox-slideshow=\"0dcb809\" data-elementor-lightbox-title=\"160311040807_07\" data-e-action-hash=\"#elementor-action%3Aaction%3Dlightbox%26settings%3DeyJpZCI6MTU3NSwidXJsIjoiaHR0cHM6XC9cL3d3dy5zd2lhdGRyZXduYS5jb20ucGxcL3dwLWNvbnRlbnRcL3VwbG9hZHNcLzIwMjBcLzA3XC8xNjAzMTEwNDA4MDdfMDcuanBnIiwic2xpZGVzaG93IjoiMGRjYjgwOSJ9\" href='https:\/\/www.swiatdrewna.com.pl\/wp-content\/uploads\/2020\/07\/160311040807_07.jpg'><img loading=\"lazy\" decoding=\"async\" width=\"150\" height=\"150\" src=\"https:\/\/www.swiatdrewna.com.pl\/wp-content\/uploads\/2020\/07\/160311040807_07-150x150.jpg\" class=\"attachment-thumbnail size-thumbnail\" alt=\"\" \/><\/a>\n\t\t\t<\/div><\/figure><figure class='gallery-item'>\n\t\t\t<div class='gallery-icon portrait'>\n\t\t\t\t<a data-elementor-open-lightbox=\"yes\" data-elementor-lightbox-slideshow=\"0dcb809\" data-elementor-lightbox-title=\"160311040807_08\" data-e-action-hash=\"#elementor-action%3Aaction%3Dlightbox%26settings%3DeyJpZCI6MTU2MSwidXJsIjoiaHR0cHM6XC9cL3d3dy5zd2lhdGRyZXduYS5jb20ucGxcL3dwLWNvbnRlbnRcL3VwbG9hZHNcLzIwMjBcLzA3XC8xNjAzMTEwNDA4MDdfMDguanBnIiwic2xpZGVzaG93IjoiMGRjYjgwOSJ9\" href='https:\/\/www.swiatdrewna.com.pl\/wp-content\/uploads\/2020\/07\/160311040807_08.jpg'><img loading=\"lazy\" decoding=\"async\" width=\"150\" height=\"150\" src=\"https:\/\/www.swiatdrewna.com.pl\/wp-content\/uploads\/2020\/07\/160311040807_08-150x150.jpg\" class=\"attachment-thumbnail size-thumbnail\" alt=\"\" \/><\/a>\n\t\t\t<\/div><\/figure><figure class='gallery-item'>\n\t\t\t<div class='gallery-icon portrait'>\n\t\t\t\t<a data-elementor-open-lightbox=\"yes\" data-elementor-lightbox-slideshow=\"0dcb809\" data-elementor-lightbox-title=\"160311040807_09\" data-e-action-hash=\"#elementor-action%3Aaction%3Dlightbox%26settings%3DeyJpZCI6MTU2MiwidXJsIjoiaHR0cHM6XC9cL3d3dy5zd2lhdGRyZXduYS5jb20ucGxcL3dwLWNvbnRlbnRcL3VwbG9hZHNcLzIwMjBcLzA3XC8xNjAzMTEwNDA4MDdfMDkuanBnIiwic2xpZGVzaG93IjoiMGRjYjgwOSJ9\" href='https:\/\/www.swiatdrewna.com.pl\/wp-content\/uploads\/2020\/07\/160311040807_09.jpg'><img loading=\"lazy\" decoding=\"async\" width=\"150\" height=\"150\" src=\"https:\/\/www.swiatdrewna.com.pl\/wp-content\/uploads\/2020\/07\/160311040807_09-150x150.jpg\" class=\"attachment-thumbnail size-thumbnail\" alt=\"\" \/><\/a>\n\t\t\t<\/div><\/figure><figure class='gallery-item'>\n\t\t\t<div class='gallery-icon portrait'>\n\t\t\t\t<a data-elementor-open-lightbox=\"yes\" data-elementor-lightbox-slideshow=\"0dcb809\" data-elementor-lightbox-title=\"160311040807_10\" data-e-action-hash=\"#elementor-action%3Aaction%3Dlightbox%26settings%3DeyJpZCI6MTU2MywidXJsIjoiaHR0cHM6XC9cL3d3dy5zd2lhdGRyZXduYS5jb20ucGxcL3dwLWNvbnRlbnRcL3VwbG9hZHNcLzIwMjBcLzA3XC8xNjAzMTEwNDA4MDdfMTAuanBnIiwic2xpZGVzaG93IjoiMGRjYjgwOSJ9\" href='https:\/\/www.swiatdrewna.com.pl\/wp-content\/uploads\/2020\/07\/160311040807_10.jpg'><img loading=\"lazy\" decoding=\"async\" width=\"150\" height=\"150\" src=\"https:\/\/www.swiatdrewna.com.pl\/wp-content\/uploads\/2020\/07\/160311040807_10-150x150.jpg\" class=\"attachment-thumbnail size-thumbnail\" alt=\"\" \/><\/a>\n\t\t\t<\/div><\/figure><figure class='gallery-item'>\n\t\t\t<div class='gallery-icon portrait'>\n\t\t\t\t<a data-elementor-open-lightbox=\"yes\" data-elementor-lightbox-slideshow=\"0dcb809\" data-elementor-lightbox-title=\"160311040858_11\" data-e-action-hash=\"#elementor-action%3Aaction%3Dlightbox%26settings%3DeyJpZCI6MTU2NCwidXJsIjoiaHR0cHM6XC9cL3d3dy5zd2lhdGRyZXduYS5jb20ucGxcL3dwLWNvbnRlbnRcL3VwbG9hZHNcLzIwMjBcLzA3XC8xNjAzMTEwNDA4NThfMTEuanBnIiwic2xpZGVzaG93IjoiMGRjYjgwOSJ9\" href='https:\/\/www.swiatdrewna.com.pl\/wp-content\/uploads\/2020\/07\/160311040858_11.jpg'><img loading=\"lazy\" decoding=\"async\" width=\"150\" height=\"150\" src=\"https:\/\/www.swiatdrewna.com.pl\/wp-content\/uploads\/2020\/07\/160311040858_11-150x150.jpg\" class=\"attachment-thumbnail size-thumbnail\" alt=\"\" \/><\/a>\n\t\t\t<\/div><\/figure><figure class='gallery-item'>\n\t\t\t<div class='gallery-icon portrait'>\n\t\t\t\t<a data-elementor-open-lightbox=\"yes\" data-elementor-lightbox-slideshow=\"0dcb809\" data-elementor-lightbox-title=\"160311040858_12\" data-e-action-hash=\"#elementor-action%3Aaction%3Dlightbox%26settings%3DeyJpZCI6MTU2NSwidXJsIjoiaHR0cHM6XC9cL3d3dy5zd2lhdGRyZXduYS5jb20ucGxcL3dwLWNvbnRlbnRcL3VwbG9hZHNcLzIwMjBcLzA3XC8xNjAzMTEwNDA4NThfMTIuanBnIiwic2xpZGVzaG93IjoiMGRjYjgwOSJ9\" href='https:\/\/www.swiatdrewna.com.pl\/wp-content\/uploads\/2020\/07\/160311040858_12.jpg'><img loading=\"lazy\" decoding=\"async\" width=\"150\" height=\"150\" src=\"https:\/\/www.swiatdrewna.com.pl\/wp-content\/uploads\/2020\/07\/160311040858_12-150x150.jpg\" class=\"attachment-thumbnail size-thumbnail\" alt=\"\" \/><\/a>\n\t\t\t<\/div><\/figure><figure class='gallery-item'>\n\t\t\t<div class='gallery-icon portrait'>\n\t\t\t\t<a data-elementor-open-lightbox=\"yes\" data-elementor-lightbox-slideshow=\"0dcb809\" data-elementor-lightbox-title=\"160311040858_13\" data-e-action-hash=\"#elementor-action%3Aaction%3Dlightbox%26settings%3DeyJpZCI6MTU2NiwidXJsIjoiaHR0cHM6XC9cL3d3dy5zd2lhdGRyZXduYS5jb20ucGxcL3dwLWNvbnRlbnRcL3VwbG9hZHNcLzIwMjBcLzA3XC8xNjAzMTEwNDA4NThfMTMuanBnIiwic2xpZGVzaG93IjoiMGRjYjgwOSJ9\" href='https:\/\/www.swiatdrewna.com.pl\/wp-content\/uploads\/2020\/07\/160311040858_13.jpg'><img loading=\"lazy\" decoding=\"async\" width=\"150\" height=\"150\" src=\"https:\/\/www.swiatdrewna.com.pl\/wp-content\/uploads\/2020\/07\/160311040858_13-150x150.jpg\" class=\"attachment-thumbnail size-thumbnail\" alt=\"\" \/><\/a>\n\t\t\t<\/div><\/figure><figure class='gallery-item'>\n\t\t\t<div class='gallery-icon portrait'>\n\t\t\t\t<a data-elementor-open-lightbox=\"yes\" data-elementor-lightbox-slideshow=\"0dcb809\" data-elementor-lightbox-title=\"160311040858_14\" data-e-action-hash=\"#elementor-action%3Aaction%3Dlightbox%26settings%3DeyJpZCI6MTU2NywidXJsIjoiaHR0cHM6XC9cL3d3dy5zd2lhdGRyZXduYS5jb20ucGxcL3dwLWNvbnRlbnRcL3VwbG9hZHNcLzIwMjBcLzA3XC8xNjAzMTEwNDA4NThfMTQuanBnIiwic2xpZGVzaG93IjoiMGRjYjgwOSJ9\" href='https:\/\/www.swiatdrewna.com.pl\/wp-content\/uploads\/2020\/07\/160311040858_14.jpg'><img loading=\"lazy\" decoding=\"async\" width=\"150\" height=\"150\" src=\"https:\/\/www.swiatdrewna.com.pl\/wp-content\/uploads\/2020\/07\/160311040858_14-150x150.jpg\" class=\"attachment-thumbnail size-thumbnail\" alt=\"\" \/><\/a>\n\t\t\t<\/div><\/figure><figure class='gallery-item'>\n\t\t\t<div class='gallery-icon portrait'>\n\t\t\t\t<a data-elementor-open-lightbox=\"yes\" data-elementor-lightbox-slideshow=\"0dcb809\" data-elementor-lightbox-title=\"160311040858_15_witryna_nr_13\" data-e-action-hash=\"#elementor-action%3Aaction%3Dlightbox%26settings%3DeyJpZCI6MTU2OCwidXJsIjoiaHR0cHM6XC9cL3d3dy5zd2lhdGRyZXduYS5jb20ucGxcL3dwLWNvbnRlbnRcL3VwbG9hZHNcLzIwMjBcLzA3XC8xNjAzMTEwNDA4NThfMTVfd2l0cnluYV9ucl8xMy5qcGciLCJzbGlkZXNob3ciOiIwZGNiODA5In0%3D\" href='https:\/\/www.swiatdrewna.com.pl\/wp-content\/uploads\/2020\/07\/160311040858_15_witryna_nr_13.jpg'><img loading=\"lazy\" decoding=\"async\" width=\"150\" height=\"150\" src=\"https:\/\/www.swiatdrewna.com.pl\/wp-content\/uploads\/2020\/07\/160311040858_15_witryna_nr_13-150x150.jpg\" class=\"attachment-thumbnail size-thumbnail\" alt=\"\" \/><\/a>\n\t\t\t<\/div><\/figure>\n\t\t<\/div>\n\t\t<\/div>\n\t\t\t\t\t\t<\/div>\n\t\t\t\t<\/div>\n\t\t\t\t\t<\/div>\n\t\t<\/div>\n\t\t\t\t\t<\/div>\n\t\t<\/section>\n\t\t\t\t<section class=\"elementor-section elementor-top-section elementor-element elementor-element-3220a50 elementor-section-stretched elementor-section-boxed elementor-section-height-default elementor-section-height-default\" data-id=\"3220a50\" data-element_type=\"section\" data-e-type=\"section\" data-settings=\"{&quot;stretch_section&quot;:&quot;section-stretched&quot;,&quot;background_background&quot;:&quot;classic&quot;}\">\n\t\t\t\t\t\t\t<div class=\"elementor-background-overlay\"><\/div>\n\t\t\t\t\t\t\t<div class=\"elementor-container elementor-column-gap-default\">\n\t\t\t\t\t<div class=\"elementor-column elementor-col-100 elementor-top-column elementor-element elementor-element-62cc44c\" data-id=\"62cc44c\" data-element_type=\"column\" data-e-type=\"column\">\n\t\t\t<div class=\"elementor-widget-wrap elementor-element-populated\">\n\t\t\t\t\t\t<div class=\"elementor-element elementor-element-1a73874 elementor-widget elementor-widget-text-editor\" data-id=\"1a73874\" data-element_type=\"widget\" data-e-type=\"widget\" data-widget_type=\"text-editor.default\">\n\t\t\t\t<div class=\"elementor-widget-container\">\n\t\t\t\t\t\t\t\t\t<em>KOLOR: + 10%<\/em> | \n\n<em>Podane ceny s\u0105 cenami brutto. Cennik nie stanowi oferty handlowej w rozumieniu art. 66 par.1 Kodeksu Cywilnego.<\/em>\n\n<em>Przed dokonaniem zakupu nale\u017cy si\u0119 skontaktowa\u0107 ze sprzedawc\u0105.<\/em> \t\t\t\t\t\t\t\t<\/div>\n\t\t\t\t<\/div>\n\t\t\t\t\t<\/div>\n\t\t<\/div>\n\t\t\t\t\t<\/div>\n\t\t<\/section>\n\t\t\t\t<section class=\"elementor-section elementor-top-section elementor-element elementor-element-4e8e870 elementor-section-stretched elementor-section-boxed elementor-section-height-default elementor-section-height-default\" data-id=\"4e8e870\" data-element_type=\"section\" data-e-type=\"section\" data-settings=\"{&quot;stretch_section&quot;:&quot;section-stretched&quot;,&quot;background_background&quot;:&quot;gradient&quot;}\">\n\t\t\t\t\t\t<div class=\"elementor-container elementor-column-gap-default\">\n\t\t\t\t\t<div class=\"elementor-column elementor-col-100 elementor-top-column elementor-element elementor-element-a654c52\" data-id=\"a654c52\" data-element_type=\"column\" data-e-type=\"column\">\n\t\t\t<div class=\"elementor-widget-wrap elementor-element-populated\">\n\t\t\t\t\t\t<div class=\"elementor-element elementor-element-d84f85a elementor-widget elementor-widget-heading\" data-id=\"d84f85a\" data-element_type=\"widget\" data-e-type=\"widget\" data-widget_type=\"heading.default\">\n\t\t\t\t<div class=\"elementor-widget-container\">\n\t\t\t\t\t<h2 class=\"elementor-heading-title elementor-size-default\">WZORNIK KOLOR\u00d3W<\/h2>\t\t\t\t<\/div>\n\t\t\t\t<\/div>\n\t\t\t\t<div class=\"elementor-element elementor-element-e7be2d2 elementor-widget elementor-widget-image\" data-id=\"e7be2d2\" data-element_type=\"widget\" data-e-type=\"widget\" data-widget_type=\"image.default\">\n\t\t\t\t<div class=\"elementor-widget-container\">\n\t\t\t\t\t\t\t\t\t\t\t\t\t\t\t<img loading=\"lazy\" decoding=\"async\" width=\"740\" height=\"265\" src=\"https:\/\/www.swiatdrewna.com.pl\/wp-content\/uploads\/2020\/07\/wzornik_kolor_w-1.jpg\" class=\"attachment-large size-large wp-image-1543\" alt=\"\" srcset=\"https:\/\/www.swiatdrewna.com.pl\/wp-content\/uploads\/2020\/07\/wzornik_kolor_w-1.jpg 740w, https:\/\/www.swiatdrewna.com.pl\/wp-content\/uploads\/2020\/07\/wzornik_kolor_w-1-300x107.jpg 300w\" sizes=\"(max-width: 740px) 100vw, 740px\" \/>\t\t\t\t\t\t\t\t\t\t\t\t\t\t\t<\/div>\n\t\t\t\t<\/div>\n\t\t\t\t\t<\/div>\n\t\t<\/div>\n\t\t\t\t\t<\/div>\n\t\t<\/section>\n\t\t\t\t<\/div>\n\t\t","protected":false},"excerpt":{"rendered":"<p>\u015aWIAT DREWNA MEBLE \u015aWIAT DREWNA BIBLIOTECZKI, WITRYNY \u015aWIAT DREWNA lp. BIBLIOTECZKI, WITRYNY J.m. CENA 1 Biblioteczka 4D Szt. 2 Biblioteczka 2D\/5S Szt. 3 Biblioteczka 2D Szt. 4 Witryna II 2D\/2S falbana Szt. 5 Witryna II 2D\/1S Szt. 6 Witryna II 2D\/2S Szt. 7 Witryna I 1D\/2S Szt. 8 Witryna naro\u017cna 2D Szt. 9 Witryna naro\u017cna [&hellip;]<\/p>\n","protected":false},"author":1,"featured_media":0,"parent":0,"menu_order":0,"comment_status":"closed","ping_status":"closed","template":"","meta":{"footnotes":""},"class_list":["post-76","page","type-page","status-publish","hentry","entry"],"_links":{"self":[{"href":"https:\/\/www.swiatdrewna.com.pl\/index.php?rest_route=\/wp\/v2\/pages\/76","targetHints":{"allow":["GET"]}}],"collection":[{"href":"https:\/\/www.swiatdrewna.com.pl\/index.php?rest_route=\/wp\/v2\/pages"}],"about":[{"href":"https:\/\/www.swiatdrewna.com.pl\/index.php?rest_route=\/wp\/v2\/types\/page"}],"author":[{"embeddable":true,"href":"https:\/\/www.swiatdrewna.com.pl\/index.php?rest_route=\/wp\/v2\/users\/1"}],"replies":[{"embeddable":true,"href":"https:\/\/www.swiatdrewna.com.pl\/index.php?rest_route=%2Fwp%2Fv2%2Fcomments&post=76"}],"version-history":[{"count":3,"href":"https:\/\/www.swiatdrewna.com.pl\/index.php?rest_route=\/wp\/v2\/pages\/76\/revisions"}],"predecessor-version":[{"id":1578,"href":"https:\/\/www.swiatdrewna.com.pl\/index.php?rest_route=\/wp\/v2\/pages\/76\/revisions\/1578"}],"wp:attachment":[{"href":"https:\/\/www.swiatdrewna.com.pl\/index.php?rest_route=%2Fwp%2Fv2%2Fmedia&parent=76"}],"curies":[{"name":"wp","href":"https:\/\/api.w.org\/{rel}","templated":true}]}}