{"id":79,"date":"2020-06-23T11:10:22","date_gmt":"2020-06-23T09:10:22","guid":{"rendered":"http:\/\/www.swiatdrewna.com.pl\/?page_id=79"},"modified":"2021-10-18T09:22:53","modified_gmt":"2021-10-18T07:22:53","slug":"nadstawki-kredensy-szafki-kuchenne","status":"publish","type":"page","link":"https:\/\/www.swiatdrewna.com.pl\/?page_id=79","title":{"rendered":"Nadstawki | kredensy | szafki kuchenne"},"content":{"rendered":"\t\t<div data-elementor-type=\"wp-page\" data-elementor-id=\"79\" class=\"elementor elementor-79\">\n\t\t\t\t\t\t<section class=\"elementor-section elementor-top-section elementor-element elementor-element-36ac0f4 elementor-section-stretched elementor-section-boxed elementor-section-height-default elementor-section-height-default\" data-id=\"36ac0f4\" data-element_type=\"section\" data-e-type=\"section\" data-settings=\"{&quot;stretch_section&quot;:&quot;section-stretched&quot;,&quot;background_background&quot;:&quot;classic&quot;}\">\n\t\t\t\t\t\t<div class=\"elementor-container elementor-column-gap-default\">\n\t\t\t\t\t<div class=\"elementor-column elementor-col-100 elementor-top-column elementor-element elementor-element-523cf37\" data-id=\"523cf37\" data-element_type=\"column\" data-e-type=\"column\">\n\t\t\t<div class=\"elementor-widget-wrap elementor-element-populated\">\n\t\t\t\t\t\t<div class=\"elementor-element elementor-element-b73e338 elementor-widget elementor-widget-heading\" data-id=\"b73e338\" data-element_type=\"widget\" data-e-type=\"widget\" data-widget_type=\"heading.default\">\n\t\t\t\t<div class=\"elementor-widget-container\">\n\t\t\t\t\t<h2 class=\"elementor-heading-title elementor-size-default\">MEBLE<\/h2>\t\t\t\t<\/div>\n\t\t\t\t<\/div>\n\t\t\t\t\t<\/div>\n\t\t<\/div>\n\t\t\t\t\t<\/div>\n\t\t<\/section>\n\t\t\t\t<section class=\"elementor-section elementor-top-section elementor-element elementor-element-4cd791a elementor-section-stretched elementor-section-boxed elementor-section-height-default elementor-section-height-default\" data-id=\"4cd791a\" data-element_type=\"section\" data-e-type=\"section\" data-settings=\"{&quot;stretch_section&quot;:&quot;section-stretched&quot;,&quot;background_background&quot;:&quot;gradient&quot;}\">\n\t\t\t\t\t\t<div class=\"elementor-container elementor-column-gap-default\">\n\t\t\t\t\t<div class=\"elementor-column elementor-col-100 elementor-top-column elementor-element elementor-element-a80ede8\" data-id=\"a80ede8\" data-element_type=\"column\" data-e-type=\"column\">\n\t\t\t<div class=\"elementor-widget-wrap elementor-element-populated\">\n\t\t\t\t\t\t<div class=\"elementor-element elementor-element-ab4bbc8 elementor-widget elementor-widget-heading\" data-id=\"ab4bbc8\" data-element_type=\"widget\" data-e-type=\"widget\" data-widget_type=\"heading.default\">\n\t\t\t\t<div class=\"elementor-widget-container\">\n\t\t\t\t\t<h2 class=\"elementor-heading-title elementor-size-default\">NADSTAWKI, KREDENSY, SZAFKI KUCHENNE<\/h2>\t\t\t\t<\/div>\n\t\t\t\t<\/div>\n\t\t\t\t<div class=\"elementor-element elementor-element-86f8c2d gallery-spacing-custom elementor-widget elementor-widget-image-gallery\" data-id=\"86f8c2d\" data-element_type=\"widget\" data-e-type=\"widget\" data-widget_type=\"image-gallery.default\">\n\t\t\t\t<div class=\"elementor-widget-container\">\n\t\t\t\t\t\t\t<div class=\"elementor-image-gallery\">\n\t\t\t<div id='gallery-1' class='gallery galleryid-79 gallery-columns-6 gallery-size-thumbnail'><figure class='gallery-item'>\n\t\t\t<div class='gallery-icon landscape'>\n\t\t\t\t<a data-elementor-open-lightbox=\"yes\" data-elementor-lightbox-slideshow=\"86f8c2d\" data-elementor-lightbox-title=\"160308052006_01\" data-e-action-hash=\"#elementor-action%3Aaction%3Dlightbox%26settings%3DeyJpZCI6MTUzNSwidXJsIjoiaHR0cHM6XC9cL3d3dy5zd2lhdGRyZXduYS5jb20ucGxcL3dwLWNvbnRlbnRcL3VwbG9hZHNcLzIwMjBcLzA3XC8xNjAzMDgwNTIwMDZfMDEuanBnIiwic2xpZGVzaG93IjoiODZmOGMyZCJ9\" href='https:\/\/www.swiatdrewna.com.pl\/wp-content\/uploads\/2020\/07\/160308052006_01.jpg'><img decoding=\"async\" width=\"150\" height=\"150\" src=\"https:\/\/www.swiatdrewna.com.pl\/wp-content\/uploads\/2020\/07\/160308052006_01-150x150.jpg\" class=\"attachment-thumbnail size-thumbnail\" alt=\"\" \/><\/a>\n\t\t\t<\/div><\/figure><figure class='gallery-item'>\n\t\t\t<div class='gallery-icon landscape'>\n\t\t\t\t<a data-elementor-open-lightbox=\"yes\" data-elementor-lightbox-slideshow=\"86f8c2d\" data-elementor-lightbox-title=\"160308052006_03\" data-e-action-hash=\"#elementor-action%3Aaction%3Dlightbox%26settings%3DeyJpZCI6MTUzNiwidXJsIjoiaHR0cHM6XC9cL3d3dy5zd2lhdGRyZXduYS5jb20ucGxcL3dwLWNvbnRlbnRcL3VwbG9hZHNcLzIwMjBcLzA3XC8xNjAzMDgwNTIwMDZfMDMuanBnIiwic2xpZGVzaG93IjoiODZmOGMyZCJ9\" href='https:\/\/www.swiatdrewna.com.pl\/wp-content\/uploads\/2020\/07\/160308052006_03.jpg'><img decoding=\"async\" width=\"150\" height=\"150\" src=\"https:\/\/www.swiatdrewna.com.pl\/wp-content\/uploads\/2020\/07\/160308052006_03-150x150.jpg\" class=\"attachment-thumbnail size-thumbnail\" alt=\"\" \/><\/a>\n\t\t\t<\/div><\/figure><figure class='gallery-item'>\n\t\t\t<div class='gallery-icon landscape'>\n\t\t\t\t<a data-elementor-open-lightbox=\"yes\" data-elementor-lightbox-slideshow=\"86f8c2d\" data-elementor-lightbox-title=\"160308052006_05\" data-e-action-hash=\"#elementor-action%3Aaction%3Dlightbox%26settings%3DeyJpZCI6MTUzOCwidXJsIjoiaHR0cHM6XC9cL3d3dy5zd2lhdGRyZXduYS5jb20ucGxcL3dwLWNvbnRlbnRcL3VwbG9hZHNcLzIwMjBcLzA3XC8xNjAzMDgwNTIwMDZfMDUuanBnIiwic2xpZGVzaG93IjoiODZmOGMyZCJ9\" href='https:\/\/www.swiatdrewna.com.pl\/wp-content\/uploads\/2020\/07\/160308052006_05.jpg'><img decoding=\"async\" width=\"150\" height=\"150\" src=\"https:\/\/www.swiatdrewna.com.pl\/wp-content\/uploads\/2020\/07\/160308052006_05-150x150.jpg\" class=\"attachment-thumbnail size-thumbnail\" alt=\"\" \/><\/a>\n\t\t\t<\/div><\/figure><figure class='gallery-item'>\n\t\t\t<div class='gallery-icon portrait'>\n\t\t\t\t<a data-elementor-open-lightbox=\"yes\" data-elementor-lightbox-slideshow=\"86f8c2d\" data-elementor-lightbox-title=\"160308052203_07\" data-e-action-hash=\"#elementor-action%3Aaction%3Dlightbox%26settings%3DeyJpZCI6MTU0MCwidXJsIjoiaHR0cHM6XC9cL3d3dy5zd2lhdGRyZXduYS5jb20ucGxcL3dwLWNvbnRlbnRcL3VwbG9hZHNcLzIwMjBcLzA3XC8xNjAzMDgwNTIyMDNfMDcuanBnIiwic2xpZGVzaG93IjoiODZmOGMyZCJ9\" href='https:\/\/www.swiatdrewna.com.pl\/wp-content\/uploads\/2020\/07\/160308052203_07.jpg'><img loading=\"lazy\" decoding=\"async\" width=\"150\" height=\"150\" src=\"https:\/\/www.swiatdrewna.com.pl\/wp-content\/uploads\/2020\/07\/160308052203_07-150x150.jpg\" class=\"attachment-thumbnail size-thumbnail\" alt=\"\" \/><\/a>\n\t\t\t<\/div><\/figure><figure class='gallery-item'>\n\t\t\t<div class='gallery-icon portrait'>\n\t\t\t\t<a data-elementor-open-lightbox=\"yes\" data-elementor-lightbox-slideshow=\"86f8c2d\" data-elementor-lightbox-title=\"160308052203_08\" data-e-action-hash=\"#elementor-action%3Aaction%3Dlightbox%26settings%3DeyJpZCI6MTU0MSwidXJsIjoiaHR0cHM6XC9cL3d3dy5zd2lhdGRyZXduYS5jb20ucGxcL3dwLWNvbnRlbnRcL3VwbG9hZHNcLzIwMjBcLzA3XC8xNjAzMDgwNTIyMDNfMDguanBnIiwic2xpZGVzaG93IjoiODZmOGMyZCJ9\" href='https:\/\/www.swiatdrewna.com.pl\/wp-content\/uploads\/2020\/07\/160308052203_08.jpg'><img loading=\"lazy\" decoding=\"async\" width=\"150\" height=\"150\" src=\"https:\/\/www.swiatdrewna.com.pl\/wp-content\/uploads\/2020\/07\/160308052203_08-150x150.jpg\" class=\"attachment-thumbnail size-thumbnail\" alt=\"\" \/><\/a>\n\t\t\t<\/div><\/figure><figure class='gallery-item'>\n\t\t\t<div class='gallery-icon portrait'>\n\t\t\t\t<a data-elementor-open-lightbox=\"yes\" data-elementor-lightbox-slideshow=\"86f8c2d\" data-elementor-lightbox-title=\"160308052203_09_10\" data-e-action-hash=\"#elementor-action%3Aaction%3Dlightbox%26settings%3DeyJpZCI6MTUzMiwidXJsIjoiaHR0cHM6XC9cL3d3dy5zd2lhdGRyZXduYS5jb20ucGxcL3dwLWNvbnRlbnRcL3VwbG9hZHNcLzIwMjBcLzA3XC8xNjAzMDgwNTIyMDNfMDlfMTAuanBnIiwic2xpZGVzaG93IjoiODZmOGMyZCJ9\" href='https:\/\/www.swiatdrewna.com.pl\/wp-content\/uploads\/2020\/07\/160308052203_09_10.jpg'><img loading=\"lazy\" decoding=\"async\" width=\"150\" height=\"150\" src=\"https:\/\/www.swiatdrewna.com.pl\/wp-content\/uploads\/2020\/07\/160308052203_09_10-150x150.jpg\" class=\"attachment-thumbnail size-thumbnail\" alt=\"\" \/><\/a>\n\t\t\t<\/div><\/figure><figure class='gallery-item'>\n\t\t\t<div class='gallery-icon portrait'>\n\t\t\t\t<a data-elementor-open-lightbox=\"yes\" data-elementor-lightbox-slideshow=\"86f8c2d\" data-elementor-lightbox-title=\"160308052203_11_12\" data-e-action-hash=\"#elementor-action%3Aaction%3Dlightbox%26settings%3DeyJpZCI6MTUzMywidXJsIjoiaHR0cHM6XC9cL3d3dy5zd2lhdGRyZXduYS5jb20ucGxcL3dwLWNvbnRlbnRcL3VwbG9hZHNcLzIwMjBcLzA3XC8xNjAzMDgwNTIyMDNfMTFfMTIuanBnIiwic2xpZGVzaG93IjoiODZmOGMyZCJ9\" href='https:\/\/www.swiatdrewna.com.pl\/wp-content\/uploads\/2020\/07\/160308052203_11_12.jpg'><img loading=\"lazy\" decoding=\"async\" width=\"150\" height=\"150\" src=\"https:\/\/www.swiatdrewna.com.pl\/wp-content\/uploads\/2020\/07\/160308052203_11_12-150x150.jpg\" class=\"attachment-thumbnail size-thumbnail\" alt=\"\" \/><\/a>\n\t\t\t<\/div><\/figure><figure class='gallery-item'>\n\t\t\t<div class='gallery-icon portrait'>\n\t\t\t\t<a data-elementor-open-lightbox=\"yes\" data-elementor-lightbox-slideshow=\"86f8c2d\" data-elementor-lightbox-title=\"160308052203_13_14\" data-e-action-hash=\"#elementor-action%3Aaction%3Dlightbox%26settings%3DeyJpZCI6MTUzNCwidXJsIjoiaHR0cHM6XC9cL3d3dy5zd2lhdGRyZXduYS5jb20ucGxcL3dwLWNvbnRlbnRcL3VwbG9hZHNcLzIwMjBcLzA3XC8xNjAzMDgwNTIyMDNfMTNfMTQuanBnIiwic2xpZGVzaG93IjoiODZmOGMyZCJ9\" href='https:\/\/www.swiatdrewna.com.pl\/wp-content\/uploads\/2020\/07\/160308052203_13_14.jpg'><img loading=\"lazy\" decoding=\"async\" width=\"150\" height=\"150\" src=\"https:\/\/www.swiatdrewna.com.pl\/wp-content\/uploads\/2020\/07\/160308052203_13_14-150x150.jpg\" class=\"attachment-thumbnail size-thumbnail\" alt=\"\" \/><\/a>\n\t\t\t<\/div><\/figure>\n\t\t<\/div>\n\t\t<\/div>\n\t\t\t\t\t\t<\/div>\n\t\t\t\t<\/div>\n\t\t\t\t\t<\/div>\n\t\t<\/div>\n\t\t\t\t\t<\/div>\n\t\t<\/section>\n\t\t\t\t<section class=\"elementor-section elementor-top-section elementor-element elementor-element-a4bbd6b elementor-section-stretched elementor-section-boxed elementor-section-height-default elementor-section-height-default\" data-id=\"a4bbd6b\" data-element_type=\"section\" data-e-type=\"section\" data-settings=\"{&quot;stretch_section&quot;:&quot;section-stretched&quot;,&quot;background_background&quot;:&quot;classic&quot;}\">\n\t\t\t\t\t\t\t<div class=\"elementor-background-overlay\"><\/div>\n\t\t\t\t\t\t\t<div class=\"elementor-container elementor-column-gap-default\">\n\t\t\t\t\t<div class=\"elementor-column elementor-col-100 elementor-top-column elementor-element elementor-element-41c9ff1\" data-id=\"41c9ff1\" data-element_type=\"column\" data-e-type=\"column\">\n\t\t\t<div class=\"elementor-widget-wrap elementor-element-populated\">\n\t\t\t\t\t\t<div class=\"elementor-element elementor-element-34898e7 elementor-widget elementor-widget-text-editor\" data-id=\"34898e7\" data-element_type=\"widget\" data-e-type=\"widget\" data-widget_type=\"text-editor.default\">\n\t\t\t\t<div class=\"elementor-widget-container\">\n\t\t\t\t\t\t\t\t\t<em>KOLOR: + 10%<\/em> | \n\n<em>Podane ceny s\u0105 cenami brutto. Cennik nie stanowi oferty handlowej w rozumieniu art. 66 par.1 Kodeksu Cywilnego.<\/em>\n\n<em>Przed dokonaniem zakupu nale\u017cy si\u0119 skontaktowa\u0107 ze sprzedawc\u0105.<\/em> \t\t\t\t\t\t\t\t<\/div>\n\t\t\t\t<\/div>\n\t\t\t\t\t<\/div>\n\t\t<\/div>\n\t\t\t\t\t<\/div>\n\t\t<\/section>\n\t\t\t\t<section class=\"elementor-section elementor-top-section elementor-element elementor-element-cd673e6 elementor-section-stretched elementor-section-boxed elementor-section-height-default elementor-section-height-default\" data-id=\"cd673e6\" data-element_type=\"section\" data-e-type=\"section\" data-settings=\"{&quot;stretch_section&quot;:&quot;section-stretched&quot;,&quot;background_background&quot;:&quot;gradient&quot;}\">\n\t\t\t\t\t\t<div class=\"elementor-container elementor-column-gap-default\">\n\t\t\t\t\t<div class=\"elementor-column elementor-col-100 elementor-top-column elementor-element elementor-element-7a56d16\" data-id=\"7a56d16\" data-element_type=\"column\" data-e-type=\"column\">\n\t\t\t<div class=\"elementor-widget-wrap elementor-element-populated\">\n\t\t\t\t\t\t<div class=\"elementor-element elementor-element-d2701c0 elementor-widget elementor-widget-heading\" data-id=\"d2701c0\" data-element_type=\"widget\" data-e-type=\"widget\" data-widget_type=\"heading.default\">\n\t\t\t\t<div class=\"elementor-widget-container\">\n\t\t\t\t\t<h2 class=\"elementor-heading-title elementor-size-default\">WZORNIK KOLOR\u00d3W<\/h2>\t\t\t\t<\/div>\n\t\t\t\t<\/div>\n\t\t\t\t<div class=\"elementor-element elementor-element-600d1e3 elementor-widget elementor-widget-image\" data-id=\"600d1e3\" data-element_type=\"widget\" data-e-type=\"widget\" data-widget_type=\"image.default\">\n\t\t\t\t<div class=\"elementor-widget-container\">\n\t\t\t\t\t\t\t\t\t\t\t\t\t\t\t<img loading=\"lazy\" decoding=\"async\" width=\"740\" height=\"265\" src=\"https:\/\/www.swiatdrewna.com.pl\/wp-content\/uploads\/2020\/07\/wzornik_kolor_w-1.jpg\" class=\"attachment-large size-large wp-image-1543\" alt=\"\" srcset=\"https:\/\/www.swiatdrewna.com.pl\/wp-content\/uploads\/2020\/07\/wzornik_kolor_w-1.jpg 740w, https:\/\/www.swiatdrewna.com.pl\/wp-content\/uploads\/2020\/07\/wzornik_kolor_w-1-300x107.jpg 300w\" sizes=\"(max-width: 740px) 100vw, 740px\" \/>\t\t\t\t\t\t\t\t\t\t\t\t\t\t\t<\/div>\n\t\t\t\t<\/div>\n\t\t\t\t\t<\/div>\n\t\t<\/div>\n\t\t\t\t\t<\/div>\n\t\t<\/section>\n\t\t\t\t<\/div>\n\t\t","protected":false},"excerpt":{"rendered":"<p>\u015aWIAT DREWNA MEBLE \u015aWIAT DREWNA NADSTAWKI, KREDENSY, SZAFKI KUCHENNE \u015aWIAT DREWNA lp. NADSTAWKI, KREDENSY, SZAFKI J.m. CENA 1 Nadstawka I Szt. 2 Nadstawka I rattan Szt. 3 Nadstawka II Szt. 4 Nadstawka II rattan Szt. 5 Nadstawka III Szt. 6 Nadstawka III rattan Szt. 7 Kredens III Szt. 8 Kredens II Szt. 9 Szafka kuch. [&hellip;]<\/p>\n","protected":false},"author":1,"featured_media":0,"parent":0,"menu_order":0,"comment_status":"closed","ping_status":"closed","template":"","meta":{"footnotes":""},"class_list":["post-79","page","type-page","status-publish","hentry","entry"],"_links":{"self":[{"href":"https:\/\/www.swiatdrewna.com.pl\/index.php?rest_route=\/wp\/v2\/pages\/79","targetHints":{"allow":["GET"]}}],"collection":[{"href":"https:\/\/www.swiatdrewna.com.pl\/index.php?rest_route=\/wp\/v2\/pages"}],"about":[{"href":"https:\/\/www.swiatdrewna.com.pl\/index.php?rest_route=\/wp\/v2\/types\/page"}],"author":[{"embeddable":true,"href":"https:\/\/www.swiatdrewna.com.pl\/index.php?rest_route=\/wp\/v2\/users\/1"}],"replies":[{"embeddable":true,"href":"https:\/\/www.swiatdrewna.com.pl\/index.php?rest_route=%2Fwp%2Fv2%2Fcomments&post=79"}],"version-history":[{"count":7,"href":"https:\/\/www.swiatdrewna.com.pl\/index.php?rest_route=\/wp\/v2\/pages\/79\/revisions"}],"predecessor-version":[{"id":4695,"href":"https:\/\/www.swiatdrewna.com.pl\/index.php?rest_route=\/wp\/v2\/pages\/79\/revisions\/4695"}],"wp:attachment":[{"href":"https:\/\/www.swiatdrewna.com.pl\/index.php?rest_route=%2Fwp%2Fv2%2Fmedia&parent=79"}],"curies":[{"name":"wp","href":"https:\/\/api.w.org\/{rel}","templated":true}]}}