{"id":88,"date":"2020-06-23T11:12:29","date_gmt":"2020-06-23T09:12:29","guid":{"rendered":"http:\/\/www.swiatdrewna.com.pl\/?page_id=88"},"modified":"2021-10-18T09:37:17","modified_gmt":"2021-10-18T07:37:17","slug":"lozka","status":"publish","type":"page","link":"https:\/\/www.swiatdrewna.com.pl\/?page_id=88","title":{"rendered":"\u0141\u00f3\u017cka"},"content":{"rendered":"\t\t<div data-elementor-type=\"wp-page\" data-elementor-id=\"88\" class=\"elementor elementor-88\">\n\t\t\t\t\t\t<section class=\"elementor-section elementor-top-section elementor-element elementor-element-dd918be elementor-section-boxed elementor-section-height-default elementor-section-height-default\" data-id=\"dd918be\" data-element_type=\"section\" data-e-type=\"section\">\n\t\t\t\t\t\t<div class=\"elementor-container elementor-column-gap-default\">\n\t\t\t\t\t<div class=\"elementor-column elementor-col-100 elementor-top-column elementor-element elementor-element-175214c\" data-id=\"175214c\" data-element_type=\"column\" data-e-type=\"column\">\n\t\t\t<div class=\"elementor-widget-wrap\">\n\t\t\t\t\t\t\t<\/div>\n\t\t<\/div>\n\t\t\t\t\t<\/div>\n\t\t<\/section>\n\t\t\t\t<section class=\"elementor-section elementor-top-section elementor-element elementor-element-2b3d751 elementor-section-stretched elementor-section-boxed elementor-section-height-default elementor-section-height-default\" data-id=\"2b3d751\" data-element_type=\"section\" data-e-type=\"section\" data-settings=\"{&quot;stretch_section&quot;:&quot;section-stretched&quot;,&quot;background_background&quot;:&quot;classic&quot;}\">\n\t\t\t\t\t\t<div class=\"elementor-container elementor-column-gap-default\">\n\t\t\t\t\t<div class=\"elementor-column elementor-col-100 elementor-top-column elementor-element elementor-element-0fc7b2e\" data-id=\"0fc7b2e\" data-element_type=\"column\" data-e-type=\"column\">\n\t\t\t<div class=\"elementor-widget-wrap elementor-element-populated\">\n\t\t\t\t\t\t<div class=\"elementor-element elementor-element-2e9a1c1 elementor-widget elementor-widget-heading\" data-id=\"2e9a1c1\" data-element_type=\"widget\" data-e-type=\"widget\" data-widget_type=\"heading.default\">\n\t\t\t\t<div class=\"elementor-widget-container\">\n\t\t\t\t\t<h2 class=\"elementor-heading-title elementor-size-default\">MEBLE<\/h2>\t\t\t\t<\/div>\n\t\t\t\t<\/div>\n\t\t\t\t\t<\/div>\n\t\t<\/div>\n\t\t\t\t\t<\/div>\n\t\t<\/section>\n\t\t\t\t<section class=\"elementor-section elementor-top-section elementor-element elementor-element-435b3d3 elementor-section-stretched elementor-section-boxed elementor-section-height-default elementor-section-height-default\" data-id=\"435b3d3\" data-element_type=\"section\" data-e-type=\"section\" data-settings=\"{&quot;stretch_section&quot;:&quot;section-stretched&quot;,&quot;background_background&quot;:&quot;gradient&quot;}\">\n\t\t\t\t\t\t<div class=\"elementor-container elementor-column-gap-default\">\n\t\t\t\t\t<div class=\"elementor-column elementor-col-100 elementor-top-column elementor-element elementor-element-0651441\" data-id=\"0651441\" data-element_type=\"column\" data-e-type=\"column\">\n\t\t\t<div class=\"elementor-widget-wrap elementor-element-populated\">\n\t\t\t\t\t\t<div class=\"elementor-element elementor-element-f74b196 elementor-widget elementor-widget-heading\" data-id=\"f74b196\" data-element_type=\"widget\" data-e-type=\"widget\" data-widget_type=\"heading.default\">\n\t\t\t\t<div class=\"elementor-widget-container\">\n\t\t\t\t\t<h2 class=\"elementor-heading-title elementor-size-default\">\u0141\u00d3\u017bKA<\/h2>\t\t\t\t<\/div>\n\t\t\t\t<\/div>\n\t\t\t\t<div class=\"elementor-element elementor-element-bded6e1 gallery-spacing-custom elementor-widget elementor-widget-image-gallery\" data-id=\"bded6e1\" data-element_type=\"widget\" data-e-type=\"widget\" data-widget_type=\"image-gallery.default\">\n\t\t\t\t<div class=\"elementor-widget-container\">\n\t\t\t\t\t\t\t<div class=\"elementor-image-gallery\">\n\t\t\t<div id='gallery-1' class='gallery galleryid-88 gallery-columns-6 gallery-size-thumbnail'><figure class='gallery-item'>\n\t\t\t<div class='gallery-icon portrait'>\n\t\t\t\t<a data-elementor-open-lightbox=\"yes\" data-elementor-lightbox-slideshow=\"bded6e1\" data-elementor-lightbox-title=\"160319011514_1.01\" data-e-action-hash=\"#elementor-action%3Aaction%3Dlightbox%26settings%3DeyJpZCI6MTc1MiwidXJsIjoiaHR0cHM6XC9cL3d3dy5zd2lhdGRyZXduYS5jb20ucGxcL3dwLWNvbnRlbnRcL3VwbG9hZHNcLzIwMjBcLzA3XC8xNjAzMTkwMTE1MTRfMS4wMS5qcGciLCJzbGlkZXNob3ciOiJiZGVkNmUxIn0%3D\" href='https:\/\/www.swiatdrewna.com.pl\/wp-content\/uploads\/2020\/07\/160319011514_1.01.jpg'><img decoding=\"async\" width=\"150\" height=\"150\" src=\"https:\/\/www.swiatdrewna.com.pl\/wp-content\/uploads\/2020\/07\/160319011514_1.01-150x150.jpg\" class=\"attachment-thumbnail size-thumbnail\" alt=\"\" \/><\/a>\n\t\t\t<\/div><\/figure><figure class='gallery-item'>\n\t\t\t<div class='gallery-icon portrait'>\n\t\t\t\t<a data-elementor-open-lightbox=\"yes\" data-elementor-lightbox-slideshow=\"bded6e1\" data-elementor-lightbox-title=\"160319011514_1.02\" data-e-action-hash=\"#elementor-action%3Aaction%3Dlightbox%26settings%3DeyJpZCI6MTc1MywidXJsIjoiaHR0cHM6XC9cL3d3dy5zd2lhdGRyZXduYS5jb20ucGxcL3dwLWNvbnRlbnRcL3VwbG9hZHNcLzIwMjBcLzA3XC8xNjAzMTkwMTE1MTRfMS4wMi5qcGciLCJzbGlkZXNob3ciOiJiZGVkNmUxIn0%3D\" href='https:\/\/www.swiatdrewna.com.pl\/wp-content\/uploads\/2020\/07\/160319011514_1.02.jpg'><img decoding=\"async\" width=\"150\" height=\"150\" src=\"https:\/\/www.swiatdrewna.com.pl\/wp-content\/uploads\/2020\/07\/160319011514_1.02-150x150.jpg\" class=\"attachment-thumbnail size-thumbnail\" alt=\"\" srcset=\"https:\/\/www.swiatdrewna.com.pl\/wp-content\/uploads\/2020\/07\/160319011514_1.02-150x150.jpg 150w, https:\/\/www.swiatdrewna.com.pl\/wp-content\/uploads\/2020\/07\/160319011514_1.02-533x536.jpg 533w\" sizes=\"(max-width: 150px) 100vw, 150px\" \/><\/a>\n\t\t\t<\/div><\/figure><figure class='gallery-item'>\n\t\t\t<div class='gallery-icon portrait'>\n\t\t\t\t<a data-elementor-open-lightbox=\"yes\" data-elementor-lightbox-slideshow=\"bded6e1\" data-elementor-lightbox-title=\"160319011514_1.04\" data-e-action-hash=\"#elementor-action%3Aaction%3Dlightbox%26settings%3DeyJpZCI6MTc1NSwidXJsIjoiaHR0cHM6XC9cL3d3dy5zd2lhdGRyZXduYS5jb20ucGxcL3dwLWNvbnRlbnRcL3VwbG9hZHNcLzIwMjBcLzA3XC8xNjAzMTkwMTE1MTRfMS4wNC5qcGciLCJzbGlkZXNob3ciOiJiZGVkNmUxIn0%3D\" href='https:\/\/www.swiatdrewna.com.pl\/wp-content\/uploads\/2020\/07\/160319011514_1.04.jpg'><img decoding=\"async\" width=\"150\" height=\"150\" src=\"https:\/\/www.swiatdrewna.com.pl\/wp-content\/uploads\/2020\/07\/160319011514_1.04-150x150.jpg\" class=\"attachment-thumbnail size-thumbnail\" alt=\"\" srcset=\"https:\/\/www.swiatdrewna.com.pl\/wp-content\/uploads\/2020\/07\/160319011514_1.04-150x150.jpg 150w, https:\/\/www.swiatdrewna.com.pl\/wp-content\/uploads\/2020\/07\/160319011514_1.04-533x536.jpg 533w\" sizes=\"(max-width: 150px) 100vw, 150px\" \/><\/a>\n\t\t\t<\/div><\/figure><figure class='gallery-item'>\n\t\t\t<div class='gallery-icon portrait'>\n\t\t\t\t<a data-elementor-open-lightbox=\"yes\" data-elementor-lightbox-slideshow=\"bded6e1\" data-elementor-lightbox-title=\"160319011514_1.05\" data-e-action-hash=\"#elementor-action%3Aaction%3Dlightbox%26settings%3DeyJpZCI6MTc1NiwidXJsIjoiaHR0cHM6XC9cL3d3dy5zd2lhdGRyZXduYS5jb20ucGxcL3dwLWNvbnRlbnRcL3VwbG9hZHNcLzIwMjBcLzA3XC8xNjAzMTkwMTE1MTRfMS4wNS5qcGciLCJzbGlkZXNob3ciOiJiZGVkNmUxIn0%3D\" href='https:\/\/www.swiatdrewna.com.pl\/wp-content\/uploads\/2020\/07\/160319011514_1.05.jpg'><img loading=\"lazy\" decoding=\"async\" width=\"150\" height=\"150\" src=\"https:\/\/www.swiatdrewna.com.pl\/wp-content\/uploads\/2020\/07\/160319011514_1.05-150x150.jpg\" class=\"attachment-thumbnail size-thumbnail\" alt=\"\" \/><\/a>\n\t\t\t<\/div><\/figure><figure class='gallery-item'>\n\t\t\t<div class='gallery-icon portrait'>\n\t\t\t\t<a data-elementor-open-lightbox=\"yes\" data-elementor-lightbox-slideshow=\"bded6e1\" data-elementor-lightbox-title=\"160319064958_06\" data-e-action-hash=\"#elementor-action%3Aaction%3Dlightbox%26settings%3DeyJpZCI6MTc0NywidXJsIjoiaHR0cHM6XC9cL3d3dy5zd2lhdGRyZXduYS5jb20ucGxcL3dwLWNvbnRlbnRcL3VwbG9hZHNcLzIwMjBcLzA3XC8xNjAzMTkwNjQ5NThfMDYuanBnIiwic2xpZGVzaG93IjoiYmRlZDZlMSJ9\" href='https:\/\/www.swiatdrewna.com.pl\/wp-content\/uploads\/2020\/07\/160319064958_06.jpg'><img loading=\"lazy\" decoding=\"async\" width=\"150\" height=\"150\" src=\"https:\/\/www.swiatdrewna.com.pl\/wp-content\/uploads\/2020\/07\/160319064958_06-150x150.jpg\" class=\"attachment-thumbnail size-thumbnail\" alt=\"\" srcset=\"https:\/\/www.swiatdrewna.com.pl\/wp-content\/uploads\/2020\/07\/160319064958_06-150x150.jpg 150w, https:\/\/www.swiatdrewna.com.pl\/wp-content\/uploads\/2020\/07\/160319064958_06-533x536.jpg 533w\" sizes=\"(max-width: 150px) 100vw, 150px\" \/><\/a>\n\t\t\t<\/div><\/figure><figure class='gallery-item'>\n\t\t\t<div class='gallery-icon portrait'>\n\t\t\t\t<a data-elementor-open-lightbox=\"yes\" data-elementor-lightbox-slideshow=\"bded6e1\" data-elementor-lightbox-title=\"160319064958_08\" data-e-action-hash=\"#elementor-action%3Aaction%3Dlightbox%26settings%3DeyJpZCI6MTc0OSwidXJsIjoiaHR0cHM6XC9cL3d3dy5zd2lhdGRyZXduYS5jb20ucGxcL3dwLWNvbnRlbnRcL3VwbG9hZHNcLzIwMjBcLzA3XC8xNjAzMTkwNjQ5NThfMDguanBnIiwic2xpZGVzaG93IjoiYmRlZDZlMSJ9\" href='https:\/\/www.swiatdrewna.com.pl\/wp-content\/uploads\/2020\/07\/160319064958_08.jpg'><img loading=\"lazy\" decoding=\"async\" width=\"150\" height=\"150\" src=\"https:\/\/www.swiatdrewna.com.pl\/wp-content\/uploads\/2020\/07\/160319064958_08-150x150.jpg\" class=\"attachment-thumbnail size-thumbnail\" alt=\"\" \/><\/a>\n\t\t\t<\/div><\/figure><figure class='gallery-item'>\n\t\t\t<div class='gallery-icon portrait'>\n\t\t\t\t<a data-elementor-open-lightbox=\"yes\" data-elementor-lightbox-slideshow=\"bded6e1\" data-elementor-lightbox-title=\"160319064958_21\" data-e-action-hash=\"#elementor-action%3Aaction%3Dlightbox%26settings%3DeyJpZCI6MTc1MCwidXJsIjoiaHR0cHM6XC9cL3d3dy5zd2lhdGRyZXduYS5jb20ucGxcL3dwLWNvbnRlbnRcL3VwbG9hZHNcLzIwMjBcLzA3XC8xNjAzMTkwNjQ5NThfMjEuanBnIiwic2xpZGVzaG93IjoiYmRlZDZlMSJ9\" href='https:\/\/www.swiatdrewna.com.pl\/wp-content\/uploads\/2020\/07\/160319064958_21.jpg'><img loading=\"lazy\" decoding=\"async\" width=\"150\" height=\"150\" src=\"https:\/\/www.swiatdrewna.com.pl\/wp-content\/uploads\/2020\/07\/160319064958_21-150x150.jpg\" class=\"attachment-thumbnail size-thumbnail\" alt=\"\" srcset=\"https:\/\/www.swiatdrewna.com.pl\/wp-content\/uploads\/2020\/07\/160319064958_21-150x150.jpg 150w, https:\/\/www.swiatdrewna.com.pl\/wp-content\/uploads\/2020\/07\/160319064958_21-533x536.jpg 533w\" sizes=\"(max-width: 150px) 100vw, 150px\" \/><\/a>\n\t\t\t<\/div><\/figure><figure class='gallery-item'>\n\t\t\t<div class='gallery-icon portrait'>\n\t\t\t\t<a data-elementor-open-lightbox=\"yes\" data-elementor-lightbox-slideshow=\"bded6e1\" data-elementor-lightbox-title=\"160319064958_28\" data-e-action-hash=\"#elementor-action%3Aaction%3Dlightbox%26settings%3DeyJpZCI6MTc1MSwidXJsIjoiaHR0cHM6XC9cL3d3dy5zd2lhdGRyZXduYS5jb20ucGxcL3dwLWNvbnRlbnRcL3VwbG9hZHNcLzIwMjBcLzA3XC8xNjAzMTkwNjQ5NThfMjguanBnIiwic2xpZGVzaG93IjoiYmRlZDZlMSJ9\" href='https:\/\/www.swiatdrewna.com.pl\/wp-content\/uploads\/2020\/07\/160319064958_28.jpg'><img loading=\"lazy\" decoding=\"async\" width=\"150\" height=\"150\" src=\"https:\/\/www.swiatdrewna.com.pl\/wp-content\/uploads\/2020\/07\/160319064958_28-150x150.jpg\" class=\"attachment-thumbnail size-thumbnail\" alt=\"\" srcset=\"https:\/\/www.swiatdrewna.com.pl\/wp-content\/uploads\/2020\/07\/160319064958_28-150x150.jpg 150w, https:\/\/www.swiatdrewna.com.pl\/wp-content\/uploads\/2020\/07\/160319064958_28-533x536.jpg 533w\" sizes=\"(max-width: 150px) 100vw, 150px\" \/><\/a>\n\t\t\t<\/div><\/figure><figure class='gallery-item'>\n\t\t\t<div class='gallery-icon portrait'>\n\t\t\t\t<a data-elementor-open-lightbox=\"yes\" data-elementor-lightbox-slideshow=\"bded6e1\" data-elementor-lightbox-title=\"160319011731_3.13\" data-e-action-hash=\"#elementor-action%3Aaction%3Dlightbox%26settings%3DeyJpZCI6MTc1OSwidXJsIjoiaHR0cHM6XC9cL3d3dy5zd2lhdGRyZXduYS5jb20ucGxcL3dwLWNvbnRlbnRcL3VwbG9hZHNcLzIwMjBcLzA3XC8xNjAzMTkwMTE3MzFfMy4xMy5qcGciLCJzbGlkZXNob3ciOiJiZGVkNmUxIn0%3D\" href='https:\/\/www.swiatdrewna.com.pl\/wp-content\/uploads\/2020\/07\/160319011731_3.13.jpg'><img loading=\"lazy\" decoding=\"async\" width=\"150\" height=\"150\" src=\"https:\/\/www.swiatdrewna.com.pl\/wp-content\/uploads\/2020\/07\/160319011731_3.13-150x150.jpg\" class=\"attachment-thumbnail size-thumbnail\" alt=\"\" \/><\/a>\n\t\t\t<\/div><\/figure><figure class='gallery-item'>\n\t\t\t<div class='gallery-icon portrait'>\n\t\t\t\t<a data-elementor-open-lightbox=\"yes\" data-elementor-lightbox-slideshow=\"bded6e1\" data-elementor-lightbox-title=\"160319012002_4.11\" data-e-action-hash=\"#elementor-action%3Aaction%3Dlightbox%26settings%3DeyJpZCI6MTc2MiwidXJsIjoiaHR0cHM6XC9cL3d3dy5zd2lhdGRyZXduYS5jb20ucGxcL3dwLWNvbnRlbnRcL3VwbG9hZHNcLzIwMjBcLzA3XC8xNjAzMTkwMTIwMDJfNC4xMS5qcGciLCJzbGlkZXNob3ciOiJiZGVkNmUxIn0%3D\" href='https:\/\/www.swiatdrewna.com.pl\/wp-content\/uploads\/2020\/07\/160319012002_4.11.jpg'><img loading=\"lazy\" decoding=\"async\" width=\"150\" height=\"150\" src=\"https:\/\/www.swiatdrewna.com.pl\/wp-content\/uploads\/2020\/07\/160319012002_4.11-150x150.jpg\" class=\"attachment-thumbnail size-thumbnail\" alt=\"\" srcset=\"https:\/\/www.swiatdrewna.com.pl\/wp-content\/uploads\/2020\/07\/160319012002_4.11-150x150.jpg 150w, https:\/\/www.swiatdrewna.com.pl\/wp-content\/uploads\/2020\/07\/160319012002_4.11-533x536.jpg 533w\" sizes=\"(max-width: 150px) 100vw, 150px\" \/><\/a>\n\t\t\t<\/div><\/figure><figure class='gallery-item'>\n\t\t\t<div class='gallery-icon portrait'>\n\t\t\t\t<a data-elementor-open-lightbox=\"yes\" data-elementor-lightbox-slideshow=\"bded6e1\" data-elementor-lightbox-title=\"160319012002_4.12\" data-e-action-hash=\"#elementor-action%3Aaction%3Dlightbox%26settings%3DeyJpZCI6MTc2MywidXJsIjoiaHR0cHM6XC9cL3d3dy5zd2lhdGRyZXduYS5jb20ucGxcL3dwLWNvbnRlbnRcL3VwbG9hZHNcLzIwMjBcLzA3XC8xNjAzMTkwMTIwMDJfNC4xMi5qcGciLCJzbGlkZXNob3ciOiJiZGVkNmUxIn0%3D\" href='https:\/\/www.swiatdrewna.com.pl\/wp-content\/uploads\/2020\/07\/160319012002_4.12.jpg'><img loading=\"lazy\" decoding=\"async\" width=\"150\" height=\"150\" src=\"https:\/\/www.swiatdrewna.com.pl\/wp-content\/uploads\/2020\/07\/160319012002_4.12-150x150.jpg\" class=\"attachment-thumbnail size-thumbnail\" alt=\"\" \/><\/a>\n\t\t\t<\/div><\/figure><figure class='gallery-item'>\n\t\t\t<div class='gallery-icon landscape'>\n\t\t\t\t<a data-elementor-open-lightbox=\"yes\" data-elementor-lightbox-slideshow=\"bded6e1\" data-elementor-lightbox-title=\"160319012002_4.31_bruksela_1-2_pik\" data-e-action-hash=\"#elementor-action%3Aaction%3Dlightbox%26settings%3DeyJpZCI6MTc2NCwidXJsIjoiaHR0cHM6XC9cL3d3dy5zd2lhdGRyZXduYS5jb20ucGxcL3dwLWNvbnRlbnRcL3VwbG9hZHNcLzIwMjBcLzA3XC8xNjAzMTkwMTIwMDJfNC4zMV9icnVrc2VsYV8xLTJfcGlrLmpwZyIsInNsaWRlc2hvdyI6ImJkZWQ2ZTEifQ%3D%3D\" href='https:\/\/www.swiatdrewna.com.pl\/wp-content\/uploads\/2020\/07\/160319012002_4.31_bruksela_1-2_pik.jpg'><img loading=\"lazy\" decoding=\"async\" width=\"150\" height=\"150\" src=\"https:\/\/www.swiatdrewna.com.pl\/wp-content\/uploads\/2020\/07\/160319012002_4.31_bruksela_1-2_pik-150x150.jpg\" class=\"attachment-thumbnail size-thumbnail\" alt=\"\" \/><\/a>\n\t\t\t<\/div><\/figure><figure class='gallery-item'>\n\t\t\t<div class='gallery-icon landscape'>\n\t\t\t\t<a data-elementor-open-lightbox=\"yes\" data-elementor-lightbox-slideshow=\"bded6e1\" data-elementor-lightbox-title=\"160319012002_4.32_kokos_medium\" data-e-action-hash=\"#elementor-action%3Aaction%3Dlightbox%26settings%3DeyJpZCI6MTc0NSwidXJsIjoiaHR0cHM6XC9cL3d3dy5zd2lhdGRyZXduYS5jb20ucGxcL3dwLWNvbnRlbnRcL3VwbG9hZHNcLzIwMjBcLzA3XC8xNjAzMTkwMTIwMDJfNC4zMl9rb2tvc19tZWRpdW0uanBnIiwic2xpZGVzaG93IjoiYmRlZDZlMSJ9\" href='https:\/\/www.swiatdrewna.com.pl\/wp-content\/uploads\/2020\/07\/160319012002_4.32_kokos_medium.jpg'><img loading=\"lazy\" decoding=\"async\" width=\"150\" height=\"150\" src=\"https:\/\/www.swiatdrewna.com.pl\/wp-content\/uploads\/2020\/07\/160319012002_4.32_kokos_medium-150x150.jpg\" class=\"attachment-thumbnail size-thumbnail\" alt=\"\" \/><\/a>\n\t\t\t<\/div><\/figure><figure class='gallery-item'>\n\t\t\t<div class='gallery-icon landscape'>\n\t\t\t\t<a data-elementor-open-lightbox=\"yes\" data-elementor-lightbox-slideshow=\"bded6e1\" data-elementor-lightbox-title=\"160319012002_4.33_texel\" data-e-action-hash=\"#elementor-action%3Aaction%3Dlightbox%26settings%3DeyJpZCI6MTc0NiwidXJsIjoiaHR0cHM6XC9cL3d3dy5zd2lhdGRyZXduYS5jb20ucGxcL3dwLWNvbnRlbnRcL3VwbG9hZHNcLzIwMjBcLzA3XC8xNjAzMTkwMTIwMDJfNC4zM190ZXhlbC5qcGciLCJzbGlkZXNob3ciOiJiZGVkNmUxIn0%3D\" href='https:\/\/www.swiatdrewna.com.pl\/wp-content\/uploads\/2020\/07\/160319012002_4.33_texel.jpg'><img loading=\"lazy\" decoding=\"async\" width=\"150\" height=\"150\" src=\"https:\/\/www.swiatdrewna.com.pl\/wp-content\/uploads\/2020\/07\/160319012002_4.33_texel-150x150.jpg\" class=\"attachment-thumbnail size-thumbnail\" alt=\"\" \/><\/a>\n\t\t\t<\/div><\/figure>\n\t\t<\/div>\n\t\t<\/div>\n\t\t\t\t\t\t<\/div>\n\t\t\t\t<\/div>\n\t\t\t\t<div class=\"elementor-element elementor-element-e71e00e elementor-widget elementor-widget-text-editor\" data-id=\"e71e00e\" data-element_type=\"widget\" data-e-type=\"widget\" data-widget_type=\"text-editor.default\">\n\t\t\t\t<div class=\"elementor-widget-container\">\n\t\t\t\t\t\t\t\t\t<em>KOLOR: + 10%<\/em> | \n\n<em>Podane ceny s\u0105 cenami brutto. Cennik nie stanowi oferty handlowej w rozumieniu art. 66 par.1 Kodeksu Cywilnego.<\/em>\n\n<em>Przed dokonaniem zakupu nale\u017cy si\u0119 skontaktowa\u0107 ze sprzedawc\u0105.<\/em> \t\t\t\t\t\t\t\t<\/div>\n\t\t\t\t<\/div>\n\t\t\t\t\t<\/div>\n\t\t<\/div>\n\t\t\t\t\t<\/div>\n\t\t<\/section>\n\t\t\t\t<section class=\"elementor-section elementor-top-section elementor-element elementor-element-d3644e0 elementor-section-stretched elementor-section-boxed elementor-section-height-default elementor-section-height-default\" data-id=\"d3644e0\" data-element_type=\"section\" data-e-type=\"section\" data-settings=\"{&quot;stretch_section&quot;:&quot;section-stretched&quot;,&quot;background_background&quot;:&quot;classic&quot;}\">\n\t\t\t\t\t\t\t<div class=\"elementor-background-overlay\"><\/div>\n\t\t\t\t\t\t\t<div class=\"elementor-container elementor-column-gap-default\">\n\t\t\t\t\t<div class=\"elementor-column elementor-col-100 elementor-top-column elementor-element elementor-element-2677008\" data-id=\"2677008\" data-element_type=\"column\" data-e-type=\"column\">\n\t\t\t<div class=\"elementor-widget-wrap elementor-element-populated\">\n\t\t\t\t\t\t<div class=\"elementor-element elementor-element-33127ec elementor-widget elementor-widget-heading\" data-id=\"33127ec\" data-element_type=\"widget\" data-e-type=\"widget\" data-widget_type=\"heading.default\">\n\t\t\t\t<div class=\"elementor-widget-container\">\n\t\t\t\t\t<h2 class=\"elementor-heading-title elementor-size-default\">WZORNIK KOLOR\u00d3W<\/h2>\t\t\t\t<\/div>\n\t\t\t\t<\/div>\n\t\t\t\t<div class=\"elementor-element elementor-element-da62113 elementor-widget elementor-widget-image\" data-id=\"da62113\" data-element_type=\"widget\" data-e-type=\"widget\" data-widget_type=\"image.default\">\n\t\t\t\t<div class=\"elementor-widget-container\">\n\t\t\t\t\t\t\t\t\t\t\t\t\t\t\t<img loading=\"lazy\" decoding=\"async\" width=\"740\" height=\"265\" src=\"https:\/\/www.swiatdrewna.com.pl\/wp-content\/uploads\/2020\/07\/wzornik_kolor_w-1.jpg\" class=\"attachment-large size-large wp-image-1543\" alt=\"\" srcset=\"https:\/\/www.swiatdrewna.com.pl\/wp-content\/uploads\/2020\/07\/wzornik_kolor_w-1.jpg 740w, https:\/\/www.swiatdrewna.com.pl\/wp-content\/uploads\/2020\/07\/wzornik_kolor_w-1-300x107.jpg 300w\" sizes=\"(max-width: 740px) 100vw, 740px\" \/>\t\t\t\t\t\t\t\t\t\t\t\t\t\t\t<\/div>\n\t\t\t\t<\/div>\n\t\t\t\t\t<\/div>\n\t\t<\/div>\n\t\t\t\t\t<\/div>\n\t\t<\/section>\n\t\t\t\t<\/div>\n\t\t","protected":false},"excerpt":{"rendered":"<p>\u015aWIAT DREWNA MEBLE \u015aWIAT DREWNA \u0141\u00d3\u017bKA lp. \u0141\u00d3\u017bKA J.m. CENA 1 \u0141\u00f3\u017cko a\u017curowe D 90&#215;200 Szt. 1* \u0141\u00f3\u017cko a\u017curowe D 120&#215;200 Szt. 1* \u0141\u00f3\u017cko a\u017curowe D 140&#215;200 Szt. 1* \u0141\u00f3\u017cko a\u017curowe D 160&#215;200 Szt. 1* \u0141\u00f3\u017cko a\u017curowe D 180&#215;200 Szt. 2 \u0141\u00f3\u017cko pe\u0142ne D 90&#215;200 Szt. 2* \u0141\u00f3\u017cko pe\u0142ne D 120&#215;200 Szt. 2* \u0141\u00f3\u017cko pe\u0142ne [&hellip;]<\/p>\n","protected":false},"author":1,"featured_media":0,"parent":0,"menu_order":0,"comment_status":"closed","ping_status":"closed","template":"","meta":{"footnotes":""},"class_list":["post-88","page","type-page","status-publish","hentry","entry"],"_links":{"self":[{"href":"https:\/\/www.swiatdrewna.com.pl\/index.php?rest_route=\/wp\/v2\/pages\/88","targetHints":{"allow":["GET"]}}],"collection":[{"href":"https:\/\/www.swiatdrewna.com.pl\/index.php?rest_route=\/wp\/v2\/pages"}],"about":[{"href":"https:\/\/www.swiatdrewna.com.pl\/index.php?rest_route=\/wp\/v2\/types\/page"}],"author":[{"embeddable":true,"href":"https:\/\/www.swiatdrewna.com.pl\/index.php?rest_route=\/wp\/v2\/users\/1"}],"replies":[{"embeddable":true,"href":"https:\/\/www.swiatdrewna.com.pl\/index.php?rest_route=%2Fwp%2Fv2%2Fcomments&post=88"}],"version-history":[{"count":13,"href":"https:\/\/www.swiatdrewna.com.pl\/index.php?rest_route=\/wp\/v2\/pages\/88\/revisions"}],"predecessor-version":[{"id":4699,"href":"https:\/\/www.swiatdrewna.com.pl\/index.php?rest_route=\/wp\/v2\/pages\/88\/revisions\/4699"}],"wp:attachment":[{"href":"https:\/\/www.swiatdrewna.com.pl\/index.php?rest_route=%2Fwp%2Fv2%2Fmedia&parent=88"}],"curies":[{"name":"wp","href":"https:\/\/api.w.org\/{rel}","templated":true}]}}